{"id":6704,"date":"2022-03-18T08:50:12","date_gmt":"2022-03-18T06:50:12","guid":{"rendered":"https:\/\/mobilitatechisinau.md\/?page_id=6704"},"modified":"2022-11-24T14:03:39","modified_gmt":"2022-11-24T12:03:39","slug":"consultari-publice","status":"publish","type":"page","link":"https:\/\/mobilitatechisinau.md\/?page_id=6704","title":{"rendered":"Consult\u0103ri publice"},"content":{"rendered":"\t\t<div data-elementor-type=\"wp-page\" data-elementor-id=\"6704\" class=\"elementor elementor-6704\">\n\t\t\t\t\t\t<section class=\"elementor-section elementor-top-section elementor-element elementor-element-284bf67 elementor-section-boxed elementor-section-height-default elementor-section-height-default default-style\" data-id=\"284bf67\" data-element_type=\"section\" data-settings=\"{&quot;rt_color_sets&quot;:&quot;default-style&quot;}\">\n\t\t\t\t\t\t<div class=\"elementor-container elementor-column-gap-default\">\n\t\t\t\t\t<div class=\"elementor-column elementor-col-100 elementor-top-column elementor-element elementor-element-e0e7bd9\" data-id=\"e0e7bd9\" data-element_type=\"column\">\n\t\t\t<div class=\"elementor-widget-wrap elementor-element-populated\">\n\t\t\t\t\t\t<div class=\"elementor-element elementor-element-c83b4c7 elementor-widget elementor-widget-rt-blog\" data-id=\"c83b4c7\" data-element_type=\"widget\" data-widget_type=\"rt-blog.default\">\n\t\t\t\t<div class=\"elementor-widget-container\">\n\t\t\t\n<div id=\"blog-dynamicID-814823\" class=\"blog_list clearfix fixed_heights\" data-column-width=\"3\">\n<div class=\"row clearfix\">\n<article id=\"12341\" class=\"col col-sm-4 post-12341 post type-post status-publish format-standard has-post-thumbnail hentry category-comunicate category-consultari-publice\"><div class=\"post-content-wrapper boxed\">\n \n\n<!-- blog box-->\n\t\t\t\t<figure class=\"featured_image featured_media\">\n\t\t\t<a href=\"https:\/\/mobilitatechisinau.md\/?p=12341\" title=\"ANUN\u0162 privind organizarea consult\u0103rii publice a proiectului de decizie privind aprobarea Planului de Mobilitate Urban\u0103 Durabil\u0103 al municipiului Chi\u0219in\u0103u\" class=\"imgeffect link featured_image\"><img fetchpriority=\"high\" decoding=\"async\" src=\"https:\/\/mobilitatechisinau.md\/wp-content\/uploads\/2022\/12\/ANUNT-1_1-480x275.jpg\" alt=\"\" class=\"\" width=\"480\" height=\"275\" \/><\/a>\t\t\n\t\t<\/figure> \n\t\t\n\t\t\t\t\t\n\n\t<div class=\"entry-content text\">\n\n\t\t<!-- blog headline-->\n\t\t<h5 class=\"entry-title\"><a href=\"https:\/\/mobilitatechisinau.md\/?p=12341\" rel=\"bookmark\">ANUN\u0162 privind organizarea consult\u0103rii publice a proiectului de decizie privind aprobarea Planului de Mobilitate Urban\u0103 Durabil\u0103 al municipiului Chi\u0219in\u0103u<\/a><\/h5> \n\n\t\t\n\t\t<p>Direc\u021bia General\u0103 Mobilitate Urban\u0103 a Consiliului municipal Chi\u0219in\u0103u&nbsp;organizeaz\u0103, \u00eencep\u00e2nd cu d...<\/p>\t<\/div> \n\n\t<div class=\"entry-footer\">\n\n\t\t<a href=\"https:\/\/mobilitatechisinau.md\/?p=12341\" class=\"read_more\">Continue reading<\/a>\n\t<\/div>\n\n<!-- \/ blog box-->\n<\/div><\/article>\n<article id=\"11913\" class=\"col col-sm-4 post-11913 post type-post status-publish format-standard has-post-thumbnail hentry category-comunicate category-consultari-publice\"><div class=\"post-content-wrapper boxed\">\n \n\n<!-- blog box-->\n\t\t\t\t<figure class=\"featured_image featured_media\">\n\t\t\t<a href=\"https:\/\/mobilitatechisinau.md\/?p=11913\" title=\"Anun\u021b privind organizarea consult\u0103rii publice a Proiectului de Regulament cu privire la organizarea \u0219i func\u021bionarea parc\u0103rilor \u0219i parcajelor \u00een municipiul Chi\u0219in\u0103u\" class=\"imgeffect link featured_image\"><img decoding=\"async\" src=\"https:\/\/mobilitatechisinau.md\/wp-content\/uploads\/2024\/07\/2024-07-19-08.11.57-480x280.jpg\" alt=\"\" class=\"\" width=\"480\" height=\"280\" \/><\/a>\t\t\n\t\t<\/figure> \n\t\t\n\t\t\t\t\t\n\n\t<div class=\"entry-content text\">\n\n\t\t<!-- blog headline-->\n\t\t<h5 class=\"entry-title\"><a href=\"https:\/\/mobilitatechisinau.md\/?p=11913\" rel=\"bookmark\">Anun\u021b privind organizarea consult\u0103rii publice a Proiectului de Regulament cu privire la organizarea \u0219i func\u021bionarea parc\u0103rilor \u0219i parcajelor \u00een municipiul Chi\u0219in\u0103u<\/a><\/h5> \n\n\t\t\n\t\t<p>Direc\u021bia General\u0103 Mobilitate Urban\u0103 anun\u021b\u0103 organizarea consult\u0103rilor publice a Proiectului de Regula...<\/p>\t<\/div> \n\n\t<div class=\"entry-footer\">\n\n\t\t<a href=\"https:\/\/mobilitatechisinau.md\/?p=11913\" class=\"read_more\">Continue reading<\/a>\n\t<\/div>\n\n<!-- \/ blog box-->\n<\/div><\/article>\n<article id=\"8354\" class=\"col col-sm-4 post-8354 post type-post status-publish format-standard has-post-thumbnail hentry category-comunicate category-consultari-publice\"><div class=\"post-content-wrapper boxed\">\n \n\n<!-- blog box-->\n\t\t\t\t<figure class=\"featured_image featured_media\">\n\t\t\t<a href=\"https:\/\/mobilitatechisinau.md\/?p=8354\" title=\"ANUN\u021a privind organizarea consult\u0103rilor publice a proiectului de decizie cu privire la aprobarea Regulamentului auto de c\u0103l\u0103tori \u0219i bagaje pe teritoriul municipiului Chi\u0219in\u0103u\" class=\"imgeffect link featured_image\"><img decoding=\"async\" src=\"https:\/\/mobilitatechisinau.md\/wp-content\/uploads\/2022\/11\/consultari-publice-480x275.jpg\" alt=\"\" class=\"\" width=\"480\" height=\"275\" \/><\/a>\t\t\n\t\t<\/figure> \n\t\t\n\t\t\t\t\t\n\n\t<div class=\"entry-content text\">\n\n\t\t<!-- blog headline-->\n\t\t<h5 class=\"entry-title\"><a href=\"https:\/\/mobilitatechisinau.md\/?p=8354\" rel=\"bookmark\">ANUN\u021a privind organizarea consult\u0103rilor publice a proiectului de decizie cu privire la aprobarea Regulamentului auto de c\u0103l\u0103tori \u0219i bagaje pe teritoriul municipiului Chi\u0219in\u0103u<\/a><\/h5> \n\n\t\t\n\t\t<p>Direc\u021bia General\u0103 Transport Public \u0219i C\u0103i de Comunica\u021bie ini\u021biaz\u0103, \u00eencep\u00e2nd cu data de 16.11.2022 co...<\/p>\t<\/div> \n\n\t<div class=\"entry-footer\">\n\n\t\t<a href=\"https:\/\/mobilitatechisinau.md\/?p=8354\" class=\"read_more\">Continue reading<\/a>\n\t<\/div>\n\n<!-- \/ blog box-->\n<\/div><\/article>\n<\/div>\n<div class=\"row clearfix\">\n<article id=\"7167\" class=\"col col-sm-4 post-7167 post type-post status-publish format-standard hentry category-comunicate category-consultari-publice\"><div class=\"post-content-wrapper boxed\">\n \n\n<!-- blog box-->\n\t\t\n\t\t\t\t\t\n\n\t<div class=\"entry-content text\">\n\n\t\t<!-- blog headline-->\n\t\t<h5 class=\"entry-title\"><a href=\"https:\/\/mobilitatechisinau.md\/?p=7167\" rel=\"bookmark\">DGTPCC propune spre examinare Consiliului Municipal Chi\u0219in\u0103u proiectul de decizie \u201eCu privire la modificarea \u0219i aprobarea unor acte normative\u201d<\/a><\/h5> \n\n\t\t\n\t\t<p>\u00cen rezultatul audierilor publice, desf\u0103\u0219urate pe parcursul a dou\u0103 s\u0103pt\u0103m\u00e2ni, Direc\u021bia General\u0103 Trans...<\/p>\t<\/div> \n\n\t<div class=\"entry-footer\">\n\n\t\t<a href=\"https:\/\/mobilitatechisinau.md\/?p=7167\" class=\"read_more\">Continue reading<\/a>\n\t<\/div>\n\n<!-- \/ blog box-->\n<\/div><\/article>\n<article id=\"7157\" class=\"col col-sm-4 post-7157 post type-post status-publish format-gallery has-post-thumbnail hentry category-comunicate category-consultari-publice category-galerie-foto post_format-post-format-gallery\"><div class=\"post-content-wrapper boxed\">\n \n\n\n\n<!-- blog box-->\n\n\t\t<figure class=\"featured_image featured_media\">\n\t\t<a href=\"https:\/\/mobilitatechisinau.md\/?p=7157\" title=\"Metodologia de calculare a tarifelor pentru c\u0103l\u0103toria \u00een transportul public din municipiul Chi\u0219in\u0103u a fost supus\u0103 dezbaterilor publice\" class=\"imgeffect gallery\"><img loading=\"lazy\" decoding=\"async\" src=\"https:\/\/mobilitatechisinau.md\/wp-content\/uploads\/2022\/04\/photo_2022-04-15_14-28-29-480x270.jpg\" alt=\"\" class=\"\" width=\"480\" height=\"270\" \/><\/a>\t\t\n\t<\/figure> \n\t\n\t \n\n\t\t\t\t\t\n\n\t<div class=\"entry-content text\">\n\n\t\t<!-- blog headline-->\n\t\t<h5 class=\"entry-title\"><a href=\"https:\/\/mobilitatechisinau.md\/?p=7157\" rel=\"bookmark\">Metodologia de calculare a tarifelor pentru c\u0103l\u0103toria \u00een transportul public din municipiul Chi\u0219in\u0103u a fost supus\u0103 dezbaterilor publice<\/a><\/h5> \n\n\t\t\n\t\t<p>Proiectul de decizie \u201eCu privire la aprobarea Metodologiei de calculare a tarifelor pentru c\u0103l\u0103toria...<\/p>\t<\/div> \n\n\t<div class=\"entry-footer\">\n\n\t\t<a href=\"https:\/\/mobilitatechisinau.md\/?p=7157\" class=\"read_more\">Continue reading<\/a>\n\t<\/div>\n\n<!-- \/ blog box--><\/div><\/article>\n<article id=\"7151\" class=\"col col-sm-4 post-7151 post type-post status-publish format-standard has-post-thumbnail hentry category-comunicate category-consultari-publice category-slide\"><div class=\"post-content-wrapper boxed\">\n \n\n<!-- blog box-->\n\t\t\t\t<figure class=\"featured_image featured_media\">\n\t\t\t<a href=\"https:\/\/mobilitatechisinau.md\/?p=7151\" title=\"Dezbateri publice privind aprobarea Metodologiei de calculare a tarifelor pentru c\u0103l\u0103toria \u00een transportul public din municipiul Chi\u0219in\u0103u\" class=\"imgeffect link featured_image\"><img loading=\"lazy\" decoding=\"async\" src=\"https:\/\/mobilitatechisinau.md\/wp-content\/uploads\/2022\/04\/dp-480x275.jpg\" alt=\"\" class=\"\" width=\"480\" height=\"275\" \/><\/a>\t\t\n\t\t<\/figure> \n\t\t\n\t\t\t\t\t\n\n\t<div class=\"entry-content text\">\n\n\t\t<!-- blog headline-->\n\t\t<h5 class=\"entry-title\"><a href=\"https:\/\/mobilitatechisinau.md\/?p=7151\" rel=\"bookmark\">Dezbateri publice privind aprobarea Metodologiei de calculare a tarifelor pentru c\u0103l\u0103toria \u00een transportul public din municipiul Chi\u0219in\u0103u<\/a><\/h5> \n\n\t\t\n\t\t<p>Joi, 14 aprilie 2022, ora 14:00, \u00een incinta Preturii sectorului Centru, str. Bulgar\u0103, 43 va avea loc...<\/p>\t<\/div> \n\n\t<div class=\"entry-footer\">\n\n\t\t<a href=\"https:\/\/mobilitatechisinau.md\/?p=7151\" class=\"read_more\">Continue reading<\/a>\n\t<\/div>\n\n<!-- \/ blog box-->\n<\/div><\/article>\n<\/div>\n<div class=\"row clearfix\">\n<article id=\"6955\" class=\"col col-sm-4 post-6955 post type-post status-publish format-standard hentry category-comunicate category-consultari-publice category-slide\"><div class=\"post-content-wrapper boxed\">\n \n\n<!-- blog box-->\n\t\t\n\t\t\t\t\t\n\n\t<div class=\"entry-content text\">\n\n\t\t<!-- blog headline-->\n\t\t<h5 class=\"entry-title\"><a href=\"https:\/\/mobilitatechisinau.md\/?p=6955\" rel=\"bookmark\">ANUN\u021a privind organizarea consult\u0103rii publice asupra Metodologiei de calculare a tarifelor pentru c\u0103l\u0103toria \u00een transportul public din municipiul Chi\u0219in\u0103u<\/a><\/h5> \n\n\t\t\n\t\t<p>Direc\u021bia general\u0103 transport public \u0219i c\u0103i de comunica\u021bie a ini\u021biat consultarea public\u0103 a proiectului...<\/p>\t<\/div> \n\n\t<div class=\"entry-footer\">\n\n\t\t<a href=\"https:\/\/mobilitatechisinau.md\/?p=6955\" class=\"read_more\">Continue reading<\/a>\n\t<\/div>\n\n<!-- \/ blog box-->\n<\/div><\/article>\n<\/div>\n<\/div>\n\t\t<\/div>\n\t\t\t\t<\/div>\n\t\t\t\t\t<\/div>\n\t\t<\/div>\n\t\t\t\t\t<\/div>\n\t\t<\/section>\n\t\t\t\t<\/div>\n\t\t","protected":false},"excerpt":{"rendered":"<p>DGTPCC propune spre examinare Consiliului Municipal Chi\u0219in\u0103u proiectul de decizie \u201eCu privire la modificarea \u0219i aprobarea unor acte normative\u201d \u00cen rezultatul audierilor publice, desf\u0103\u0219urate pe parcursul a dou\u0103 s\u0103pt\u0103m\u00e2ni, Direc\u021bia General\u0103 Trans&#8230; Continue reading Metodologia de calculare a tarifelor pentru c\u0103l\u0103toria \u00een transportul public din municipiul Chi\u0219in\u0103u a fost supus\u0103 dezbaterilor publice Proiectul de decizie [&hellip;]<\/p>\n","protected":false},"author":1,"featured_media":0,"parent":0,"menu_order":0,"comment_status":"closed","ping_status":"closed","template":"","meta":{"footnotes":""},"class_list":["post-6704","page","type-page","status-publish","hentry"],"yoast_head":"<!-- This site is optimized with the Yoast SEO plugin v23.9 - https:\/\/yoast.com\/wordpress\/plugins\/seo\/ -->\n<title>Consult\u0103ri publice - mobilitatechisinau.md<\/title>\n<meta name=\"robots\" content=\"index, follow, max-snippet:-1, max-image-preview:large, max-video-preview:-1\" \/>\n<link rel=\"canonical\" href=\"https:\/\/mobilitatechisinau.md\/?page_id=6704\" \/>\n<meta property=\"og:locale\" content=\"ro_RO\" \/>\n<meta property=\"og:type\" content=\"article\" \/>\n<meta property=\"og:title\" content=\"Consult\u0103ri publice - mobilitatechisinau.md\" \/>\n<meta property=\"og:description\" content=\"DGTPCC propune spre examinare Consiliului Municipal Chi\u0219in\u0103u proiectul de decizie \u201eCu privire la modificarea \u0219i aprobarea unor acte normative\u201d \u00cen rezultatul audierilor publice, desf\u0103\u0219urate pe parcursul a dou\u0103 s\u0103pt\u0103m\u00e2ni, Direc\u021bia General\u0103 Trans&#8230; Continue reading Metodologia de calculare a tarifelor pentru c\u0103l\u0103toria \u00een transportul public din municipiul Chi\u0219in\u0103u a fost supus\u0103 dezbaterilor publice Proiectul de decizie [&hellip;]\" \/>\n<meta property=\"og:url\" content=\"https:\/\/mobilitatechisinau.md\/?page_id=6704\" \/>\n<meta property=\"og:site_name\" content=\"mobilitatechisinau.md\" \/>\n<meta property=\"article:publisher\" content=\"https:\/\/www.facebook.com\/DGTPCC\" \/>\n<meta property=\"article:modified_time\" content=\"2022-11-24T12:03:39+00:00\" \/>\n<meta property=\"og:image\" content=\"https:\/\/mobilitatechisinau.md\/wp-content\/uploads\/2022\/04\/ANUNT-1_1-480x275.jpg\" \/>\n<meta name=\"twitter:card\" content=\"summary_large_image\" \/>\n<meta name=\"twitter:label1\" content=\"Timp estimat pentru citire\" \/>\n\t<meta name=\"twitter:data1\" content=\"2 minute\" \/>\n<script type=\"application\/ld+json\" class=\"yoast-schema-graph\">{\"@context\":\"https:\/\/schema.org\",\"@graph\":[{\"@type\":\"WebPage\",\"@id\":\"https:\/\/mobilitatechisinau.md\/?page_id=6704\",\"url\":\"https:\/\/mobilitatechisinau.md\/?page_id=6704\",\"name\":\"Consult\u0103ri publice - mobilitatechisinau.md\",\"isPartOf\":{\"@id\":\"https:\/\/mobilitatechisinau.md\/#website\"},\"primaryImageOfPage\":{\"@id\":\"https:\/\/mobilitatechisinau.md\/?page_id=6704#primaryimage\"},\"image\":{\"@id\":\"https:\/\/mobilitatechisinau.md\/?page_id=6704#primaryimage\"},\"thumbnailUrl\":\"https:\/\/mobilitatechisinau.md\/wp-content\/uploads\/2022\/04\/ANUNT-1_1-480x275.jpg\",\"datePublished\":\"2022-03-18T06:50:12+00:00\",\"dateModified\":\"2022-11-24T12:03:39+00:00\",\"breadcrumb\":{\"@id\":\"https:\/\/mobilitatechisinau.md\/?page_id=6704#breadcrumb\"},\"inLanguage\":\"ro-RO\",\"potentialAction\":[{\"@type\":\"ReadAction\",\"target\":[\"https:\/\/mobilitatechisinau.md\/?page_id=6704\"]}]},{\"@type\":\"ImageObject\",\"inLanguage\":\"ro-RO\",\"@id\":\"https:\/\/mobilitatechisinau.md\/?page_id=6704#primaryimage\",\"url\":\"https:\/\/mobilitatechisinau.md\/wp-content\/uploads\/2022\/04\/ANUNT-1_1-480x275.jpg\",\"contentUrl\":\"https:\/\/mobilitatechisinau.md\/wp-content\/uploads\/2022\/04\/ANUNT-1_1-480x275.jpg\"},{\"@type\":\"BreadcrumbList\",\"@id\":\"https:\/\/mobilitatechisinau.md\/?page_id=6704#breadcrumb\",\"itemListElement\":[{\"@type\":\"ListItem\",\"position\":1,\"name\":\"Prima pagin\u0103\",\"item\":\"https:\/\/mobilitatechisinau.md\/\"},{\"@type\":\"ListItem\",\"position\":2,\"name\":\"Consult\u0103ri publice\"}]},{\"@type\":\"WebSite\",\"@id\":\"https:\/\/mobilitatechisinau.md\/#website\",\"url\":\"https:\/\/mobilitatechisinau.md\/\",\"name\":\"mobilitatechisinau.md\",\"description\":\"Direc\u0163ia General\u0103 Mobilitate Urban\u0103\",\"publisher\":{\"@id\":\"https:\/\/mobilitatechisinau.md\/#organization\"},\"potentialAction\":[{\"@type\":\"SearchAction\",\"target\":{\"@type\":\"EntryPoint\",\"urlTemplate\":\"https:\/\/mobilitatechisinau.md\/?s={search_term_string}\"},\"query-input\":{\"@type\":\"PropertyValueSpecification\",\"valueRequired\":true,\"valueName\":\"search_term_string\"}}],\"inLanguage\":\"ro-RO\"},{\"@type\":\"Organization\",\"@id\":\"https:\/\/mobilitatechisinau.md\/#organization\",\"name\":\"Direc\u0163ia general\u0103 transport public \u015fi c\u0103i de comunica\u0163ie\",\"url\":\"https:\/\/mobilitatechisinau.md\/\",\"logo\":{\"@type\":\"ImageObject\",\"inLanguage\":\"ro-RO\",\"@id\":\"https:\/\/mobilitatechisinau.md\/#\/schema\/logo\/image\/\",\"url\":\"https:\/\/dgtpcc.md\/wp-content\/uploads\/2022\/05\/DGTPCC-Chis\u0326ina\u0306u-new.jpg\",\"contentUrl\":\"https:\/\/dgtpcc.md\/wp-content\/uploads\/2022\/05\/DGTPCC-Chis\u0326ina\u0306u-new.jpg\",\"width\":304,\"height\":80,\"caption\":\"Direc\u0163ia general\u0103 transport public \u015fi c\u0103i de comunica\u0163ie\"},\"image\":{\"@id\":\"https:\/\/mobilitatechisinau.md\/#\/schema\/logo\/image\/\"},\"sameAs\":[\"https:\/\/www.facebook.com\/DGTPCC\"]}]}<\/script>\n<!-- \/ Yoast SEO plugin. -->","yoast_head_json":{"title":"Consult\u0103ri publice - mobilitatechisinau.md","robots":{"index":"index","follow":"follow","max-snippet":"max-snippet:-1","max-image-preview":"max-image-preview:large","max-video-preview":"max-video-preview:-1"},"canonical":"https:\/\/mobilitatechisinau.md\/?page_id=6704","og_locale":"ro_RO","og_type":"article","og_title":"Consult\u0103ri publice - mobilitatechisinau.md","og_description":"DGTPCC propune spre examinare Consiliului Municipal Chi\u0219in\u0103u proiectul de decizie \u201eCu privire la modificarea \u0219i aprobarea unor acte normative\u201d \u00cen rezultatul audierilor publice, desf\u0103\u0219urate pe parcursul a dou\u0103 s\u0103pt\u0103m\u00e2ni, Direc\u021bia General\u0103 Trans&#8230; Continue reading Metodologia de calculare a tarifelor pentru c\u0103l\u0103toria \u00een transportul public din municipiul Chi\u0219in\u0103u a fost supus\u0103 dezbaterilor publice Proiectul de decizie [&hellip;]","og_url":"https:\/\/mobilitatechisinau.md\/?page_id=6704","og_site_name":"mobilitatechisinau.md","article_publisher":"https:\/\/www.facebook.com\/DGTPCC","article_modified_time":"2022-11-24T12:03:39+00:00","og_image":[{"url":"https:\/\/mobilitatechisinau.md\/wp-content\/uploads\/2022\/04\/ANUNT-1_1-480x275.jpg"}],"twitter_card":"summary_large_image","twitter_misc":{"Timp estimat pentru citire":"2 minute"},"schema":{"@context":"https:\/\/schema.org","@graph":[{"@type":"WebPage","@id":"https:\/\/mobilitatechisinau.md\/?page_id=6704","url":"https:\/\/mobilitatechisinau.md\/?page_id=6704","name":"Consult\u0103ri publice - mobilitatechisinau.md","isPartOf":{"@id":"https:\/\/mobilitatechisinau.md\/#website"},"primaryImageOfPage":{"@id":"https:\/\/mobilitatechisinau.md\/?page_id=6704#primaryimage"},"image":{"@id":"https:\/\/mobilitatechisinau.md\/?page_id=6704#primaryimage"},"thumbnailUrl":"https:\/\/mobilitatechisinau.md\/wp-content\/uploads\/2022\/04\/ANUNT-1_1-480x275.jpg","datePublished":"2022-03-18T06:50:12+00:00","dateModified":"2022-11-24T12:03:39+00:00","breadcrumb":{"@id":"https:\/\/mobilitatechisinau.md\/?page_id=6704#breadcrumb"},"inLanguage":"ro-RO","potentialAction":[{"@type":"ReadAction","target":["https:\/\/mobilitatechisinau.md\/?page_id=6704"]}]},{"@type":"ImageObject","inLanguage":"ro-RO","@id":"https:\/\/mobilitatechisinau.md\/?page_id=6704#primaryimage","url":"https:\/\/mobilitatechisinau.md\/wp-content\/uploads\/2022\/04\/ANUNT-1_1-480x275.jpg","contentUrl":"https:\/\/mobilitatechisinau.md\/wp-content\/uploads\/2022\/04\/ANUNT-1_1-480x275.jpg"},{"@type":"BreadcrumbList","@id":"https:\/\/mobilitatechisinau.md\/?page_id=6704#breadcrumb","itemListElement":[{"@type":"ListItem","position":1,"name":"Prima pagin\u0103","item":"https:\/\/mobilitatechisinau.md\/"},{"@type":"ListItem","position":2,"name":"Consult\u0103ri publice"}]},{"@type":"WebSite","@id":"https:\/\/mobilitatechisinau.md\/#website","url":"https:\/\/mobilitatechisinau.md\/","name":"mobilitatechisinau.md","description":"Direc\u0163ia General\u0103 Mobilitate Urban\u0103","publisher":{"@id":"https:\/\/mobilitatechisinau.md\/#organization"},"potentialAction":[{"@type":"SearchAction","target":{"@type":"EntryPoint","urlTemplate":"https:\/\/mobilitatechisinau.md\/?s={search_term_string}"},"query-input":{"@type":"PropertyValueSpecification","valueRequired":true,"valueName":"search_term_string"}}],"inLanguage":"ro-RO"},{"@type":"Organization","@id":"https:\/\/mobilitatechisinau.md\/#organization","name":"Direc\u0163ia general\u0103 transport public \u015fi c\u0103i de comunica\u0163ie","url":"https:\/\/mobilitatechisinau.md\/","logo":{"@type":"ImageObject","inLanguage":"ro-RO","@id":"https:\/\/mobilitatechisinau.md\/#\/schema\/logo\/image\/","url":"https:\/\/dgtpcc.md\/wp-content\/uploads\/2022\/05\/DGTPCC-Chis\u0326ina\u0306u-new.jpg","contentUrl":"https:\/\/dgtpcc.md\/wp-content\/uploads\/2022\/05\/DGTPCC-Chis\u0326ina\u0306u-new.jpg","width":304,"height":80,"caption":"Direc\u0163ia general\u0103 transport public \u015fi c\u0103i de comunica\u0163ie"},"image":{"@id":"https:\/\/mobilitatechisinau.md\/#\/schema\/logo\/image\/"},"sameAs":["https:\/\/www.facebook.com\/DGTPCC"]}]}},"_links":{"self":[{"href":"https:\/\/mobilitatechisinau.md\/index.php?rest_route=\/wp\/v2\/pages\/6704","targetHints":{"allow":["GET"]}}],"collection":[{"href":"https:\/\/mobilitatechisinau.md\/index.php?rest_route=\/wp\/v2\/pages"}],"about":[{"href":"https:\/\/mobilitatechisinau.md\/index.php?rest_route=\/wp\/v2\/types\/page"}],"author":[{"embeddable":true,"href":"https:\/\/mobilitatechisinau.md\/index.php?rest_route=\/wp\/v2\/users\/1"}],"replies":[{"embeddable":true,"href":"https:\/\/mobilitatechisinau.md\/index.php?rest_route=%2Fwp%2Fv2%2Fcomments&post=6704"}],"version-history":[{"count":0,"href":"https:\/\/mobilitatechisinau.md\/index.php?rest_route=\/wp\/v2\/pages\/6704\/revisions"}],"wp:attachment":[{"href":"https:\/\/mobilitatechisinau.md\/index.php?rest_route=%2Fwp%2Fv2%2Fmedia&parent=6704"}],"curies":[{"name":"wp","href":"https:\/\/api.w.org\/{rel}","templated":true}]}}