{"id":6738,"date":"2022-03-18T09:33:08","date_gmt":"2022-03-18T07:33:08","guid":{"rendered":"https:\/\/mobilitatechisinau.md\/?page_id=6738"},"modified":"2022-03-18T09:33:11","modified_gmt":"2022-03-18T07:33:11","slug":"declaratii-de-avere","status":"publish","type":"page","link":"https:\/\/mobilitatechisinau.md\/?page_id=6738","title":{"rendered":"Declara\u021bii de avere"},"content":{"rendered":"<div class='w3eden'><!-- WPDM Link Template: Default Template -->\n\n<div class=\"link-template-default card mb-2\">\n    <div class=\"card-body\">\n        <div class=\"media\">\n            <div class=\"mr-3 img-48\"><img decoding=\"async\" class=\"wpdm_icon\" alt=\"Icon\" src=\"data:image\/svg+xml;base64,ICAgICAgICAgICAgPHN2ZyBpZD0iTGF5ZXJfNjlmNDQ3ZGMwZDNmYiIgc3R5bGU9ImVuYWJsZS1iYWNrZ3JvdW5kOm5ldyAwIDAgNTEyIDUxMjsiIHZlcnNpb249IjEuMSIgdmlld0JveD0iMCAwIDUxMiA1MTIiCiAgICAgICAgICAgICAgICAgeG1sOnNwYWNlPSJwcmVzZXJ2ZSIgeG1sbnM9Imh0dHA6Ly93d3cudzMub3JnLzIwMDAvc3ZnIiB4bWxuczp4bGluaz0iaHR0cDovL3d3dy53My5vcmcvMTk5OS94bGluayI+PHN0eWxlCiAgICAgICAgICAgICAgICAgICAgICAgIHR5cGU9InRleHQvY3NzIj4KICAgICAgICAgICAgICAgICAgICAuc3RfNjlmNDQ3ZGMwZDNmYl8wIHsKICAgICAgICAgICAgICAgICAgICAgICAgZmlsbDogcmdiYSgzOCwgMTU3LCAyMzksIDAuMyk7CiAgICAgICAgICAgICAgICAgICAgfQoKICAgICAgICAgICAgICAgICAgICAuc3RfNjlmNDQ3ZGMwZDNmYl8xIHsKICAgICAgICAgICAgICAgICAgICAgICAgZmlsbDogcmdiYSgzOCwgMTU3LCAyMzksIDAuOSk7CiAgICAgICAgICAgICAgICAgICAgfQoKICAgICAgICAgICAgICAgICAgICAuc3RfNjlmNDQ3ZGMwZDNmYl8yIHsKICAgICAgICAgICAgICAgICAgICAgICAgZmlsbDogIzI2OWRlZjsKICAgICAgICAgICAgICAgICAgICB9CgogICAgICAgICAgICAgICAgICAgIC5zdF82OWY0NDdkYzBkM2ZiXzMgewogICAgICAgICAgICAgICAgICAgICAgICBmaWxsOiAjRkZGRkZGOwogICAgICAgICAgICAgICAgICAgIH0KICAgICAgICAgICAgICAgIDwvc3R5bGU+CiAgICAgICAgICAgICAgICA8ZyBpZD0iWE1MSURfMTY4XyI+CiAgICAgICAgICAgICAgICAgICAgPGcgaWQ9IlhNTElEXzgzXyI+CiAgICAgICAgICAgICAgICAgICAgICAgIDxwb2x5Z29uIGNsYXNzPSJzdF82OWY0NDdkYzBkM2ZiXzAiIGlkPSJYTUxJRF84N18iIHBvaW50cz0iMzMwLjcsNiA4Ny45LDYgODcuOSw1MDYgNDQ5LjIsNTA2IDQ0OS4yLDEyMi44ICAgIi8+CiAgICAgICAgICAgICAgICAgICAgICAgIDxwb2x5Z29uIGNsYXNzPSJzdF82OWY0NDdkYzBkM2ZiXzEiIGlkPSJYTUxJRF84Nl8iIHBvaW50cz0iMzMwLjcsNiA0NDkuMiwxMjIuOCAzMzAuNywxMjIuOCAgICIvPgogICAgICAgICAgICAgICAgICAgICAgICA8cmVjdCBjbGFzcz0ic3RfNjlmNDQ3ZGMwZDNmYl8xIiBoZWlnaHQ9IjE1Ni4xIiBpZD0iWE1MSURfODVfIiB3aWR0aD0iMzI5IiB4PSI2Mi44IiB5PSIyOTguOCIvPgogICAgICAgICAgICAgICAgICAgICAgICA8cG9seWdvbiBjbGFzcz0ic3RfNjlmNDQ3ZGMwZDNmYl8yIiBpZD0iWE1MSURfODRfIiBwb2ludHM9IjYyLjgsNDU0LjkgODcuOSw0NzYuMSA4Ny45LDQ1NC45ICAgIi8+CiAgICAgICAgICAgICAgICAgICAgPC9nPgogICAgICAgICAgICAgICAgICAgIDxnIHhtbG5zPSJodHRwOi8vd3d3LnczLm9yZy8yMDAwL3N2ZyIgaWQ9IlhNTElEXzMxMTNfIj4KICAgICAgICAgICAgICAgICAgICAgICAgPHRleHQgeD0iMjAlIiBmaWxsPSJ3aGl0ZSIgc3R5bGU9ImZvbnQtZmFtaWx5OiBzYW5zLXNlcmlmO2ZvbnQtc2l6ZTogNzI1JTtmb250LXdlaWdodDogYm9sZDsiCiAgICAgICAgICAgICAgICAgICAgICAgICAgICAgIHk9IjgyJSI+PC90ZXh0PgogICAgICAgICAgICAgICAgICAgIDwvZz4KICAgICAgICAgICAgICAgIDwvZz4KICAgICAgICA8L3N2Zz4KICAgICAgICAgICAg\" \/><\/div>\n            <div class=\"media-body\">\n                <h3 class=\"package-title\"><a href='https:\/\/mobilitatechisinau.md\/?wpdmpro=declaratia-cim'>Declaratia CIM<\/a><\/h3>\n                <div class=\"text-muted text-small\"><i class=\"fas fa-copy\"><\/i> 0 file(s) <i class=\"fas fa-hdd ml-3\"><\/i> 66 Ko<\/div>\n            <\/div>\n            <div class=\"ml-3\">\n                <div class='alert alert-danger d-inline-block px-3 py-2' ><i class=\"fa-solid fa-file-circle-xmark mr-3\"><\/i>No file attached<\/div>\n            <\/div>\n        <\/div>\n    <\/div>\n<\/div>\n\n<\/div>\n","protected":false},"excerpt":{"rendered":"","protected":false},"author":1,"featured_media":0,"parent":0,"menu_order":0,"comment_status":"closed","ping_status":"closed","template":"","meta":{"footnotes":""},"class_list":["post-6738","page","type-page","status-publish","hentry"],"yoast_head":"<!-- This site is optimized with the Yoast SEO plugin v23.9 - https:\/\/yoast.com\/wordpress\/plugins\/seo\/ -->\n<title>Declara\u021bii de avere - mobilitatechisinau.md<\/title>\n<meta name=\"robots\" content=\"index, follow, max-snippet:-1, max-image-preview:large, max-video-preview:-1\" \/>\n<link rel=\"canonical\" href=\"https:\/\/mobilitatechisinau.md\/?page_id=6738\" \/>\n<meta property=\"og:locale\" content=\"ro_RO\" \/>\n<meta property=\"og:type\" content=\"article\" \/>\n<meta property=\"og:title\" content=\"Declara\u021bii de avere - mobilitatechisinau.md\" \/>\n<meta property=\"og:url\" content=\"https:\/\/mobilitatechisinau.md\/?page_id=6738\" \/>\n<meta property=\"og:site_name\" content=\"mobilitatechisinau.md\" \/>\n<meta property=\"article:publisher\" content=\"https:\/\/www.facebook.com\/DGTPCC\" \/>\n<meta property=\"article:modified_time\" content=\"2022-03-18T07:33:11+00:00\" \/>\n<meta name=\"twitter:card\" content=\"summary_large_image\" \/>\n<script type=\"application\/ld+json\" class=\"yoast-schema-graph\">{\"@context\":\"https:\/\/schema.org\",\"@graph\":[{\"@type\":\"WebPage\",\"@id\":\"https:\/\/mobilitatechisinau.md\/?page_id=6738\",\"url\":\"https:\/\/mobilitatechisinau.md\/?page_id=6738\",\"name\":\"Declara\u021bii de avere - mobilitatechisinau.md\",\"isPartOf\":{\"@id\":\"https:\/\/mobilitatechisinau.md\/#website\"},\"datePublished\":\"2022-03-18T07:33:08+00:00\",\"dateModified\":\"2022-03-18T07:33:11+00:00\",\"breadcrumb\":{\"@id\":\"https:\/\/mobilitatechisinau.md\/?page_id=6738#breadcrumb\"},\"inLanguage\":\"ro-RO\",\"potentialAction\":[{\"@type\":\"ReadAction\",\"target\":[\"https:\/\/mobilitatechisinau.md\/?page_id=6738\"]}]},{\"@type\":\"BreadcrumbList\",\"@id\":\"https:\/\/mobilitatechisinau.md\/?page_id=6738#breadcrumb\",\"itemListElement\":[{\"@type\":\"ListItem\",\"position\":1,\"name\":\"Prima pagin\u0103\",\"item\":\"https:\/\/mobilitatechisinau.md\/\"},{\"@type\":\"ListItem\",\"position\":2,\"name\":\"Declara\u021bii de avere\"}]},{\"@type\":\"WebSite\",\"@id\":\"https:\/\/mobilitatechisinau.md\/#website\",\"url\":\"https:\/\/mobilitatechisinau.md\/\",\"name\":\"mobilitatechisinau.md\",\"description\":\"Direc\u0163ia General\u0103 Mobilitate Urban\u0103\",\"publisher\":{\"@id\":\"https:\/\/mobilitatechisinau.md\/#organization\"},\"potentialAction\":[{\"@type\":\"SearchAction\",\"target\":{\"@type\":\"EntryPoint\",\"urlTemplate\":\"https:\/\/mobilitatechisinau.md\/?s={search_term_string}\"},\"query-input\":{\"@type\":\"PropertyValueSpecification\",\"valueRequired\":true,\"valueName\":\"search_term_string\"}}],\"inLanguage\":\"ro-RO\"},{\"@type\":\"Organization\",\"@id\":\"https:\/\/mobilitatechisinau.md\/#organization\",\"name\":\"Direc\u0163ia general\u0103 transport public \u015fi c\u0103i de comunica\u0163ie\",\"url\":\"https:\/\/mobilitatechisinau.md\/\",\"logo\":{\"@type\":\"ImageObject\",\"inLanguage\":\"ro-RO\",\"@id\":\"https:\/\/mobilitatechisinau.md\/#\/schema\/logo\/image\/\",\"url\":\"https:\/\/dgtpcc.md\/wp-content\/uploads\/2022\/05\/DGTPCC-Chis\u0326ina\u0306u-new.jpg\",\"contentUrl\":\"https:\/\/dgtpcc.md\/wp-content\/uploads\/2022\/05\/DGTPCC-Chis\u0326ina\u0306u-new.jpg\",\"width\":304,\"height\":80,\"caption\":\"Direc\u0163ia general\u0103 transport public \u015fi c\u0103i de comunica\u0163ie\"},\"image\":{\"@id\":\"https:\/\/mobilitatechisinau.md\/#\/schema\/logo\/image\/\"},\"sameAs\":[\"https:\/\/www.facebook.com\/DGTPCC\"]}]}<\/script>\n<!-- \/ Yoast SEO plugin. -->","yoast_head_json":{"title":"Declara\u021bii de avere - mobilitatechisinau.md","robots":{"index":"index","follow":"follow","max-snippet":"max-snippet:-1","max-image-preview":"max-image-preview:large","max-video-preview":"max-video-preview:-1"},"canonical":"https:\/\/mobilitatechisinau.md\/?page_id=6738","og_locale":"ro_RO","og_type":"article","og_title":"Declara\u021bii de avere - mobilitatechisinau.md","og_url":"https:\/\/mobilitatechisinau.md\/?page_id=6738","og_site_name":"mobilitatechisinau.md","article_publisher":"https:\/\/www.facebook.com\/DGTPCC","article_modified_time":"2022-03-18T07:33:11+00:00","twitter_card":"summary_large_image","schema":{"@context":"https:\/\/schema.org","@graph":[{"@type":"WebPage","@id":"https:\/\/mobilitatechisinau.md\/?page_id=6738","url":"https:\/\/mobilitatechisinau.md\/?page_id=6738","name":"Declara\u021bii de avere - mobilitatechisinau.md","isPartOf":{"@id":"https:\/\/mobilitatechisinau.md\/#website"},"datePublished":"2022-03-18T07:33:08+00:00","dateModified":"2022-03-18T07:33:11+00:00","breadcrumb":{"@id":"https:\/\/mobilitatechisinau.md\/?page_id=6738#breadcrumb"},"inLanguage":"ro-RO","potentialAction":[{"@type":"ReadAction","target":["https:\/\/mobilitatechisinau.md\/?page_id=6738"]}]},{"@type":"BreadcrumbList","@id":"https:\/\/mobilitatechisinau.md\/?page_id=6738#breadcrumb","itemListElement":[{"@type":"ListItem","position":1,"name":"Prima pagin\u0103","item":"https:\/\/mobilitatechisinau.md\/"},{"@type":"ListItem","position":2,"name":"Declara\u021bii de avere"}]},{"@type":"WebSite","@id":"https:\/\/mobilitatechisinau.md\/#website","url":"https:\/\/mobilitatechisinau.md\/","name":"mobilitatechisinau.md","description":"Direc\u0163ia General\u0103 Mobilitate Urban\u0103","publisher":{"@id":"https:\/\/mobilitatechisinau.md\/#organization"},"potentialAction":[{"@type":"SearchAction","target":{"@type":"EntryPoint","urlTemplate":"https:\/\/mobilitatechisinau.md\/?s={search_term_string}"},"query-input":{"@type":"PropertyValueSpecification","valueRequired":true,"valueName":"search_term_string"}}],"inLanguage":"ro-RO"},{"@type":"Organization","@id":"https:\/\/mobilitatechisinau.md\/#organization","name":"Direc\u0163ia general\u0103 transport public \u015fi c\u0103i de comunica\u0163ie","url":"https:\/\/mobilitatechisinau.md\/","logo":{"@type":"ImageObject","inLanguage":"ro-RO","@id":"https:\/\/mobilitatechisinau.md\/#\/schema\/logo\/image\/","url":"https:\/\/dgtpcc.md\/wp-content\/uploads\/2022\/05\/DGTPCC-Chis\u0326ina\u0306u-new.jpg","contentUrl":"https:\/\/dgtpcc.md\/wp-content\/uploads\/2022\/05\/DGTPCC-Chis\u0326ina\u0306u-new.jpg","width":304,"height":80,"caption":"Direc\u0163ia general\u0103 transport public \u015fi c\u0103i de comunica\u0163ie"},"image":{"@id":"https:\/\/mobilitatechisinau.md\/#\/schema\/logo\/image\/"},"sameAs":["https:\/\/www.facebook.com\/DGTPCC"]}]}},"_links":{"self":[{"href":"https:\/\/mobilitatechisinau.md\/index.php?rest_route=\/wp\/v2\/pages\/6738","targetHints":{"allow":["GET"]}}],"collection":[{"href":"https:\/\/mobilitatechisinau.md\/index.php?rest_route=\/wp\/v2\/pages"}],"about":[{"href":"https:\/\/mobilitatechisinau.md\/index.php?rest_route=\/wp\/v2\/types\/page"}],"author":[{"embeddable":true,"href":"https:\/\/mobilitatechisinau.md\/index.php?rest_route=\/wp\/v2\/users\/1"}],"replies":[{"embeddable":true,"href":"https:\/\/mobilitatechisinau.md\/index.php?rest_route=%2Fwp%2Fv2%2Fcomments&post=6738"}],"version-history":[{"count":0,"href":"https:\/\/mobilitatechisinau.md\/index.php?rest_route=\/wp\/v2\/pages\/6738\/revisions"}],"wp:attachment":[{"href":"https:\/\/mobilitatechisinau.md\/index.php?rest_route=%2Fwp%2Fv2%2Fmedia&parent=6738"}],"curies":[{"name":"wp","href":"https:\/\/api.w.org\/{rel}","templated":true}]}}