{"id":6816,"date":"2022-03-18T12:36:59","date_gmt":"2022-03-18T10:36:59","guid":{"rendered":"https:\/\/mobilitatechisinau.md\/?page_id=6816"},"modified":"2024-10-03T00:13:32","modified_gmt":"2024-10-02T22:13:32","slug":"taxare-electronica","status":"publish","type":"page","link":"https:\/\/mobilitatechisinau.md\/?page_id=6816","title":{"rendered":"Taxare electronic\u0103"},"content":{"rendered":"\t\t<div data-elementor-type=\"wp-page\" data-elementor-id=\"6816\" class=\"elementor elementor-6816\">\n\t\t\t\t\t\t<section class=\"elementor-section elementor-top-section elementor-element elementor-element-6fe27c27 elementor-section-boxed elementor-section-height-default elementor-section-height-default default-style\" data-id=\"6fe27c27\" data-element_type=\"section\" data-settings=\"{&quot;rt_color_sets&quot;:&quot;default-style&quot;}\">\n\t\t\t\t\t\t<div class=\"elementor-container elementor-column-gap-default\">\n\t\t\t\t\t<div class=\"elementor-column elementor-col-100 elementor-top-column elementor-element elementor-element-2f249f9c\" data-id=\"2f249f9c\" data-element_type=\"column\">\n\t\t\t<div class=\"elementor-widget-wrap elementor-element-populated\">\n\t\t\t\t\t\t<div class=\"elementor-element elementor-element-6a449679 elementor-widget elementor-widget-rt-blog\" data-id=\"6a449679\" data-element_type=\"widget\" data-widget_type=\"rt-blog.default\">\n\t\t\t\t<div class=\"elementor-widget-container\">\n\t\t\t\n<div id=\"blog-dynamicID-440928\" class=\"blog_list clearfix fixed_heights\" data-column-width=\"3\">\n<div class=\"row clearfix\">\n<article id=\"10528\" class=\"col col-sm-4 post-10528 post type-post status-publish format-standard has-post-thumbnail hentry category-comunicate category-taxare-electronica\"><div class=\"post-content-wrapper boxed\">\n \n\n<!-- blog box-->\n\t\t\t\t<figure class=\"featured_image featured_media\">\n\t\t\t<a href=\"https:\/\/mobilitatechisinau.md\/?p=10528\" title=\"Validatoare sta\u021bionare \u00een troleibuzele de pe ruta nr. 3\" class=\"imgeffect link featured_image\"><img fetchpriority=\"high\" decoding=\"async\" src=\"https:\/\/mobilitatechisinau.md\/wp-content\/uploads\/2024\/04\/contactless-480x280.jpg\" alt=\"\" class=\"\" width=\"480\" height=\"280\" \/><\/a>\t\t\n\t\t<\/figure> \n\t\t\n\t\t\t\t\t\n\n\t<div class=\"entry-content text\">\n\n\t\t<!-- blog headline-->\n\t\t<h5 class=\"entry-title\"><a href=\"https:\/\/mobilitatechisinau.md\/?p=10528\" rel=\"bookmark\">Validatoare sta\u021bionare \u00een troleibuzele de pe ruta nr. 3<\/a><\/h5> \n\n\t\t\n\t\t<p>\u00cencep\u00e2nd de m\u00e2ine, 12 aprilie, achitarea c\u0103l\u0103toriei la validatoarele sta\u021bionare va fi disponibil\u0103 \u0219i...<\/p>\t<\/div> \n\n\t<div class=\"entry-footer\">\n\n\t\t<a href=\"https:\/\/mobilitatechisinau.md\/?p=10528\" class=\"read_more\">Continue reading<\/a>\n\t<\/div>\n\n<!-- \/ blog box-->\n<\/div><\/article>\n<article id=\"10033\" class=\"col col-sm-4 post-10033 post type-post status-publish format-standard has-post-thumbnail hentry category-comunicate category-taxare-electronica\"><div class=\"post-content-wrapper boxed\">\n \n\n<!-- blog box-->\n\t\t\t\t<figure class=\"featured_image featured_media\">\n\t\t\t<a href=\"https:\/\/mobilitatechisinau.md\/?p=10033\" title=\"Achit\u0103 c\u0103l\u0103toria cu transportul public la validatoarele sta\u021bionare de pe mai multe rute de troleibuze \u0219i autobuze din capital\u0103\" class=\"imgeffect link featured_image\"><img decoding=\"async\" src=\"https:\/\/mobilitatechisinau.md\/wp-content\/uploads\/2024\/02\/achitare-terminal-480x280.jpg\" alt=\"\" class=\"\" width=\"480\" height=\"280\" \/><\/a>\t\t\n\t\t<\/figure> \n\t\t\n\t\t\t\t\t\n\n\t<div class=\"entry-content text\">\n\n\t\t<!-- blog headline-->\n\t\t<h5 class=\"entry-title\"><a href=\"https:\/\/mobilitatechisinau.md\/?p=10033\" rel=\"bookmark\">Achit\u0103 c\u0103l\u0103toria cu transportul public la validatoarele sta\u021bionare de pe mai multe rute de troleibuze \u0219i autobuze din capital\u0103<\/a><\/h5> \n\n\t\t\n\t\t<p>Maib \u00een parteneriat cu Mastercard, Paynet, RTEC, PUA \u0219i Prim\u0103ria municipiului Chi\u0219in\u0103u continu\u0103 s\u0103 \u00ee...<\/p>\t<\/div> \n\n\t<div class=\"entry-footer\">\n\n\t\t<a href=\"https:\/\/mobilitatechisinau.md\/?p=10033\" class=\"read_more\">Continue reading<\/a>\n\t<\/div>\n\n<!-- \/ blog box-->\n<\/div><\/article>\n<article id=\"10019\" class=\"col col-sm-4 post-10019 post type-post status-publish format-standard has-post-thumbnail hentry category-comunicate category-taxare-electronica\"><div class=\"post-content-wrapper boxed\">\n \n\n<!-- blog box-->\n\t\t\t\t<figure class=\"featured_image featured_media\">\n\t\t\t<a href=\"https:\/\/mobilitatechisinau.md\/?p=10019\" title=\"Metod\u0103 adi\u021bional\u0103 de plat\u0103 a c\u0103l\u0103toriei \u00een transportul public municipal\" class=\"imgeffect link featured_image\"><img decoding=\"async\" src=\"https:\/\/mobilitatechisinau.md\/wp-content\/uploads\/2024\/02\/metoda-de-achitare-480x280.jpg\" alt=\"\" class=\"\" width=\"480\" height=\"280\" \/><\/a>\t\t\n\t\t<\/figure> \n\t\t\n\t\t\t\t\t\n\n\t<div class=\"entry-content text\">\n\n\t\t<!-- blog headline-->\n\t\t<h5 class=\"entry-title\"><a href=\"https:\/\/mobilitatechisinau.md\/?p=10019\" rel=\"bookmark\">Metod\u0103 adi\u021bional\u0103 de plat\u0103 a c\u0103l\u0103toriei \u00een transportul public municipal<\/a><\/h5> \n\n\t\t\n\t\t<p>Proiectul pilot, realizat de compania Orange, \u00een colaborare cu Direc\u021bia General\u0103 Mobilitate Urban\u0103,...<\/p>\t<\/div> \n\n\t<div class=\"entry-footer\">\n\n\t\t<a href=\"https:\/\/mobilitatechisinau.md\/?p=10019\" class=\"read_more\">Continue reading<\/a>\n\t<\/div>\n\n<!-- \/ blog box-->\n<\/div><\/article>\n<\/div>\n<\/div>\n\t\t<\/div>\n\t\t\t\t<\/div>\n\t\t\t\t\t<\/div>\n\t\t<\/div>\n\t\t\t\t\t<\/div>\n\t\t<\/section>\n\t\t\t\t<\/div>\n\t\t","protected":false},"excerpt":{"rendered":"<p>Validatoare sta\u021bionare \u00een troleibuzele de pe ruta nr. 3 \u00cencep\u00e2nd de m\u00e2ine, 12 aprilie, achitarea c\u0103l\u0103toriei la validatoarele sta\u021bionare va fi disponibil\u0103 \u0219i&#8230; Continue reading Achit\u0103 c\u0103l\u0103toria cu transportul public la validatoarele sta\u021bionare de pe mai multe rute de troleibuze \u0219i autobuze din capital\u0103 Maib \u00een parteneriat cu Mastercard, Paynet, RTEC, PUA \u0219i Prim\u0103ria municipiului [&hellip;]<\/p>\n","protected":false},"author":1,"featured_media":0,"parent":0,"menu_order":0,"comment_status":"closed","ping_status":"closed","template":"","meta":{"footnotes":""},"class_list":["post-6816","page","type-page","status-publish","hentry"],"yoast_head":"<!-- This site is optimized with the Yoast SEO plugin v23.9 - https:\/\/yoast.com\/wordpress\/plugins\/seo\/ -->\n<title>Taxare electronic\u0103 - mobilitatechisinau.md<\/title>\n<meta name=\"robots\" content=\"index, follow, max-snippet:-1, max-image-preview:large, max-video-preview:-1\" \/>\n<link rel=\"canonical\" href=\"https:\/\/mobilitatechisinau.md\/?page_id=6816\" \/>\n<meta property=\"og:locale\" content=\"ro_RO\" \/>\n<meta property=\"og:type\" content=\"article\" \/>\n<meta property=\"og:title\" content=\"Taxare electronic\u0103 - mobilitatechisinau.md\" \/>\n<meta property=\"og:description\" content=\"Validatoare sta\u021bionare \u00een troleibuzele de pe ruta nr. 3 \u00cencep\u00e2nd de m\u00e2ine, 12 aprilie, achitarea c\u0103l\u0103toriei la validatoarele sta\u021bionare va fi disponibil\u0103 \u0219i&#8230; Continue reading Achit\u0103 c\u0103l\u0103toria cu transportul public la validatoarele sta\u021bionare de pe mai multe rute de troleibuze \u0219i autobuze din capital\u0103 Maib \u00een parteneriat cu Mastercard, Paynet, RTEC, PUA \u0219i Prim\u0103ria municipiului [&hellip;]\" \/>\n<meta property=\"og:url\" content=\"https:\/\/mobilitatechisinau.md\/?page_id=6816\" \/>\n<meta property=\"og:site_name\" content=\"mobilitatechisinau.md\" \/>\n<meta property=\"article:publisher\" content=\"https:\/\/www.facebook.com\/DGTPCC\" \/>\n<meta property=\"article:modified_time\" content=\"2024-10-02T22:13:32+00:00\" \/>\n<meta property=\"og:image\" content=\"https:\/\/mobilitatechisinau.md\/wp-content\/uploads\/2024\/04\/contactless-480x280.jpg\" \/>\n<meta name=\"twitter:card\" content=\"summary_large_image\" \/>\n<meta name=\"twitter:label1\" content=\"Timp estimat pentru citire\" \/>\n\t<meta name=\"twitter:data1\" content=\"2 minute\" \/>\n<script type=\"application\/ld+json\" class=\"yoast-schema-graph\">{\"@context\":\"https:\/\/schema.org\",\"@graph\":[{\"@type\":\"WebPage\",\"@id\":\"https:\/\/mobilitatechisinau.md\/?page_id=6816\",\"url\":\"https:\/\/mobilitatechisinau.md\/?page_id=6816\",\"name\":\"Taxare electronic\u0103 - mobilitatechisinau.md\",\"isPartOf\":{\"@id\":\"https:\/\/mobilitatechisinau.md\/#website\"},\"primaryImageOfPage\":{\"@id\":\"https:\/\/mobilitatechisinau.md\/?page_id=6816#primaryimage\"},\"image\":{\"@id\":\"https:\/\/mobilitatechisinau.md\/?page_id=6816#primaryimage\"},\"thumbnailUrl\":\"https:\/\/mobilitatechisinau.md\/wp-content\/uploads\/2024\/04\/contactless-480x280.jpg\",\"datePublished\":\"2022-03-18T10:36:59+00:00\",\"dateModified\":\"2024-10-02T22:13:32+00:00\",\"breadcrumb\":{\"@id\":\"https:\/\/mobilitatechisinau.md\/?page_id=6816#breadcrumb\"},\"inLanguage\":\"ro-RO\",\"potentialAction\":[{\"@type\":\"ReadAction\",\"target\":[\"https:\/\/mobilitatechisinau.md\/?page_id=6816\"]}]},{\"@type\":\"ImageObject\",\"inLanguage\":\"ro-RO\",\"@id\":\"https:\/\/mobilitatechisinau.md\/?page_id=6816#primaryimage\",\"url\":\"https:\/\/mobilitatechisinau.md\/wp-content\/uploads\/2024\/04\/contactless.jpg\",\"contentUrl\":\"https:\/\/mobilitatechisinau.md\/wp-content\/uploads\/2024\/04\/contactless.jpg\",\"width\":1200,\"height\":700},{\"@type\":\"BreadcrumbList\",\"@id\":\"https:\/\/mobilitatechisinau.md\/?page_id=6816#breadcrumb\",\"itemListElement\":[{\"@type\":\"ListItem\",\"position\":1,\"name\":\"Prima pagin\u0103\",\"item\":\"https:\/\/mobilitatechisinau.md\/\"},{\"@type\":\"ListItem\",\"position\":2,\"name\":\"Taxare electronic\u0103\"}]},{\"@type\":\"WebSite\",\"@id\":\"https:\/\/mobilitatechisinau.md\/#website\",\"url\":\"https:\/\/mobilitatechisinau.md\/\",\"name\":\"mobilitatechisinau.md\",\"description\":\"Direc\u0163ia General\u0103 Mobilitate Urban\u0103\",\"publisher\":{\"@id\":\"https:\/\/mobilitatechisinau.md\/#organization\"},\"potentialAction\":[{\"@type\":\"SearchAction\",\"target\":{\"@type\":\"EntryPoint\",\"urlTemplate\":\"https:\/\/mobilitatechisinau.md\/?s={search_term_string}\"},\"query-input\":{\"@type\":\"PropertyValueSpecification\",\"valueRequired\":true,\"valueName\":\"search_term_string\"}}],\"inLanguage\":\"ro-RO\"},{\"@type\":\"Organization\",\"@id\":\"https:\/\/mobilitatechisinau.md\/#organization\",\"name\":\"Direc\u0163ia general\u0103 transport public \u015fi c\u0103i de comunica\u0163ie\",\"url\":\"https:\/\/mobilitatechisinau.md\/\",\"logo\":{\"@type\":\"ImageObject\",\"inLanguage\":\"ro-RO\",\"@id\":\"https:\/\/mobilitatechisinau.md\/#\/schema\/logo\/image\/\",\"url\":\"https:\/\/dgtpcc.md\/wp-content\/uploads\/2022\/05\/DGTPCC-Chis\u0326ina\u0306u-new.jpg\",\"contentUrl\":\"https:\/\/dgtpcc.md\/wp-content\/uploads\/2022\/05\/DGTPCC-Chis\u0326ina\u0306u-new.jpg\",\"width\":304,\"height\":80,\"caption\":\"Direc\u0163ia general\u0103 transport public \u015fi c\u0103i de comunica\u0163ie\"},\"image\":{\"@id\":\"https:\/\/mobilitatechisinau.md\/#\/schema\/logo\/image\/\"},\"sameAs\":[\"https:\/\/www.facebook.com\/DGTPCC\"]}]}<\/script>\n<!-- \/ Yoast SEO plugin. -->","yoast_head_json":{"title":"Taxare electronic\u0103 - mobilitatechisinau.md","robots":{"index":"index","follow":"follow","max-snippet":"max-snippet:-1","max-image-preview":"max-image-preview:large","max-video-preview":"max-video-preview:-1"},"canonical":"https:\/\/mobilitatechisinau.md\/?page_id=6816","og_locale":"ro_RO","og_type":"article","og_title":"Taxare electronic\u0103 - mobilitatechisinau.md","og_description":"Validatoare sta\u021bionare \u00een troleibuzele de pe ruta nr. 3 \u00cencep\u00e2nd de m\u00e2ine, 12 aprilie, achitarea c\u0103l\u0103toriei la validatoarele sta\u021bionare va fi disponibil\u0103 \u0219i&#8230; Continue reading Achit\u0103 c\u0103l\u0103toria cu transportul public la validatoarele sta\u021bionare de pe mai multe rute de troleibuze \u0219i autobuze din capital\u0103 Maib \u00een parteneriat cu Mastercard, Paynet, RTEC, PUA \u0219i Prim\u0103ria municipiului [&hellip;]","og_url":"https:\/\/mobilitatechisinau.md\/?page_id=6816","og_site_name":"mobilitatechisinau.md","article_publisher":"https:\/\/www.facebook.com\/DGTPCC","article_modified_time":"2024-10-02T22:13:32+00:00","og_image":[{"url":"https:\/\/mobilitatechisinau.md\/wp-content\/uploads\/2024\/04\/contactless-480x280.jpg"}],"twitter_card":"summary_large_image","twitter_misc":{"Timp estimat pentru citire":"2 minute"},"schema":{"@context":"https:\/\/schema.org","@graph":[{"@type":"WebPage","@id":"https:\/\/mobilitatechisinau.md\/?page_id=6816","url":"https:\/\/mobilitatechisinau.md\/?page_id=6816","name":"Taxare electronic\u0103 - mobilitatechisinau.md","isPartOf":{"@id":"https:\/\/mobilitatechisinau.md\/#website"},"primaryImageOfPage":{"@id":"https:\/\/mobilitatechisinau.md\/?page_id=6816#primaryimage"},"image":{"@id":"https:\/\/mobilitatechisinau.md\/?page_id=6816#primaryimage"},"thumbnailUrl":"https:\/\/mobilitatechisinau.md\/wp-content\/uploads\/2024\/04\/contactless-480x280.jpg","datePublished":"2022-03-18T10:36:59+00:00","dateModified":"2024-10-02T22:13:32+00:00","breadcrumb":{"@id":"https:\/\/mobilitatechisinau.md\/?page_id=6816#breadcrumb"},"inLanguage":"ro-RO","potentialAction":[{"@type":"ReadAction","target":["https:\/\/mobilitatechisinau.md\/?page_id=6816"]}]},{"@type":"ImageObject","inLanguage":"ro-RO","@id":"https:\/\/mobilitatechisinau.md\/?page_id=6816#primaryimage","url":"https:\/\/mobilitatechisinau.md\/wp-content\/uploads\/2024\/04\/contactless.jpg","contentUrl":"https:\/\/mobilitatechisinau.md\/wp-content\/uploads\/2024\/04\/contactless.jpg","width":1200,"height":700},{"@type":"BreadcrumbList","@id":"https:\/\/mobilitatechisinau.md\/?page_id=6816#breadcrumb","itemListElement":[{"@type":"ListItem","position":1,"name":"Prima pagin\u0103","item":"https:\/\/mobilitatechisinau.md\/"},{"@type":"ListItem","position":2,"name":"Taxare electronic\u0103"}]},{"@type":"WebSite","@id":"https:\/\/mobilitatechisinau.md\/#website","url":"https:\/\/mobilitatechisinau.md\/","name":"mobilitatechisinau.md","description":"Direc\u0163ia General\u0103 Mobilitate Urban\u0103","publisher":{"@id":"https:\/\/mobilitatechisinau.md\/#organization"},"potentialAction":[{"@type":"SearchAction","target":{"@type":"EntryPoint","urlTemplate":"https:\/\/mobilitatechisinau.md\/?s={search_term_string}"},"query-input":{"@type":"PropertyValueSpecification","valueRequired":true,"valueName":"search_term_string"}}],"inLanguage":"ro-RO"},{"@type":"Organization","@id":"https:\/\/mobilitatechisinau.md\/#organization","name":"Direc\u0163ia general\u0103 transport public \u015fi c\u0103i de comunica\u0163ie","url":"https:\/\/mobilitatechisinau.md\/","logo":{"@type":"ImageObject","inLanguage":"ro-RO","@id":"https:\/\/mobilitatechisinau.md\/#\/schema\/logo\/image\/","url":"https:\/\/dgtpcc.md\/wp-content\/uploads\/2022\/05\/DGTPCC-Chis\u0326ina\u0306u-new.jpg","contentUrl":"https:\/\/dgtpcc.md\/wp-content\/uploads\/2022\/05\/DGTPCC-Chis\u0326ina\u0306u-new.jpg","width":304,"height":80,"caption":"Direc\u0163ia general\u0103 transport public \u015fi c\u0103i de comunica\u0163ie"},"image":{"@id":"https:\/\/mobilitatechisinau.md\/#\/schema\/logo\/image\/"},"sameAs":["https:\/\/www.facebook.com\/DGTPCC"]}]}},"_links":{"self":[{"href":"https:\/\/mobilitatechisinau.md\/index.php?rest_route=\/wp\/v2\/pages\/6816","targetHints":{"allow":["GET"]}}],"collection":[{"href":"https:\/\/mobilitatechisinau.md\/index.php?rest_route=\/wp\/v2\/pages"}],"about":[{"href":"https:\/\/mobilitatechisinau.md\/index.php?rest_route=\/wp\/v2\/types\/page"}],"author":[{"embeddable":true,"href":"https:\/\/mobilitatechisinau.md\/index.php?rest_route=\/wp\/v2\/users\/1"}],"replies":[{"embeddable":true,"href":"https:\/\/mobilitatechisinau.md\/index.php?rest_route=%2Fwp%2Fv2%2Fcomments&post=6816"}],"version-history":[{"count":0,"href":"https:\/\/mobilitatechisinau.md\/index.php?rest_route=\/wp\/v2\/pages\/6816\/revisions"}],"wp:attachment":[{"href":"https:\/\/mobilitatechisinau.md\/index.php?rest_route=%2Fwp%2Fv2%2Fmedia&parent=6816"}],"curies":[{"name":"wp","href":"https:\/\/api.w.org\/{rel}","templated":true}]}}