{"id":6818,"date":"2022-03-18T12:37:36","date_gmt":"2022-03-18T10:37:36","guid":{"rendered":"https:\/\/mobilitatechisinau.md\/?page_id=6818"},"modified":"2024-10-03T00:15:13","modified_gmt":"2024-10-02T22:15:13","slug":"modernizarea-parcurilor-pua-si-rtec","status":"publish","type":"page","link":"https:\/\/mobilitatechisinau.md\/?page_id=6818","title":{"rendered":"Modernizarea parcurilor PUA \u0219i RTEC"},"content":{"rendered":"\t\t<div data-elementor-type=\"wp-page\" data-elementor-id=\"6818\" class=\"elementor elementor-6818\">\n\t\t\t\t\t\t<section class=\"elementor-section elementor-top-section elementor-element elementor-element-68187ce elementor-section-boxed elementor-section-height-default elementor-section-height-default default-style\" data-id=\"68187ce\" data-element_type=\"section\" data-settings=\"{&quot;rt_color_sets&quot;:&quot;default-style&quot;}\">\n\t\t\t\t\t\t<div class=\"elementor-container elementor-column-gap-default\">\n\t\t\t\t\t<div class=\"elementor-column elementor-col-100 elementor-top-column elementor-element elementor-element-ca61308\" data-id=\"ca61308\" data-element_type=\"column\">\n\t\t\t<div class=\"elementor-widget-wrap elementor-element-populated\">\n\t\t\t\t\t\t<div class=\"elementor-element elementor-element-a8fe6d2 elementor-widget-divider--view-line elementor-widget elementor-widget-divider\" data-id=\"a8fe6d2\" data-element_type=\"widget\" data-widget_type=\"divider.default\">\n\t\t\t\t<div class=\"elementor-widget-container\">\n\t\t\t\t\t<div class=\"elementor-divider\">\n\t\t\t<span class=\"elementor-divider-separator\">\n\t\t\t\t\t\t<\/span>\n\t\t<\/div>\n\t\t\t\t<\/div>\n\t\t\t\t<\/div>\n\t\t\t\t<div class=\"elementor-element elementor-element-52a3e5a elementor-widget elementor-widget-rt-blog\" data-id=\"52a3e5a\" data-element_type=\"widget\" data-widget_type=\"rt-blog.default\">\n\t\t\t\t<div class=\"elementor-widget-container\">\n\t\t\t\n<div id=\"blog-dynamicID-102950\" class=\"blog_list clearfix fixed_heights\" data-column-width=\"3\">\n<div class=\"row clearfix\">\n<article id=\"12665\" class=\"col col-sm-4 post-12665 post type-post status-publish format-standard has-post-thumbnail hentry category-comunicate category-modernizarea-puartec\"><div class=\"post-content-wrapper\">\n \n\n<!-- blog box-->\n\t\t\t\t<figure class=\"featured_image featured_media\">\n\t\t\t<a href=\"https:\/\/mobilitatechisinau.md\/?p=12665\" title=\"Alte 20 troleibuze au fost lansate la linie, fiind repartizate pe mai multe rute municipale\" class=\"imgeffect link featured_image\"><img fetchpriority=\"high\" decoding=\"async\" src=\"https:\/\/mobilitatechisinau.md\/wp-content\/uploads\/2024\/09\/proleu-480x280.jpg\" alt=\"\" class=\"\" width=\"480\" height=\"280\" \/><\/a>\t\t\n\t\t<\/figure> \n\t\t\n\t<a href=\"https:\/\/mobilitatechisinau.md\/?p=12665\" title=\"Alte 20 troleibuze au fost lansate la linie, fiind repartizate pe mai multe rute municipale\" class=\"post-date\">29 august 2024<\/a>\t\t\t\t\n\n\t<div class=\"entry-content text\">\n\n\t\t<!-- blog headline-->\n\t\t<h5 class=\"entry-title\"><a href=\"https:\/\/mobilitatechisinau.md\/?p=12665\" rel=\"bookmark\">Alte 20 troleibuze au fost lansate la linie, fiind repartizate pe mai multe rute municipale<\/a><\/h5> \n\n\t\t\n\t\t<p>Prim\u0103ria Municipiului Chi\u0219in\u0103u a lansat ast\u0103zi la linie un nou lot de troleibuze. Este vorba despre...<\/p>\t<\/div> \n\n\t<div class=\"entry-footer\">\n\n\t\t<a href=\"https:\/\/mobilitatechisinau.md\/?p=12665\" class=\"read_more\">Continue reading<\/a>\n\t<\/div>\n\n<!-- \/ blog box-->\n<\/div><\/article>\n<article id=\"12150\" class=\"col col-sm-4 post-12150 post type-post status-publish format-standard has-post-thumbnail hentry category-comunicate category-modernizarea-puartec\"><div class=\"post-content-wrapper\">\n \n\n<!-- blog box-->\n\t\t\t\t<figure class=\"featured_image featured_media\">\n\t\t\t<a href=\"https:\/\/mobilitatechisinau.md\/?p=12150\" title=\"Municipalitatea continu\u0103 procesul de modernizare a transportului public din Capital\u0103\" class=\"imgeffect link featured_image\"><img decoding=\"async\" src=\"https:\/\/mobilitatechisinau.md\/wp-content\/uploads\/2024\/08\/post-480x280.jpg\" alt=\"\" class=\"\" width=\"480\" height=\"280\" \/><\/a>\t\t\n\t\t<\/figure> \n\t\t\n\t<a href=\"https:\/\/mobilitatechisinau.md\/?p=12150\" title=\"Municipalitatea continu\u0103 procesul de modernizare a transportului public din Capital\u0103\" class=\"post-date\">31 iulie 2024<\/a>\t\t\t\t\n\n\t<div class=\"entry-content text\">\n\n\t\t<!-- blog headline-->\n\t\t<h5 class=\"entry-title\"><a href=\"https:\/\/mobilitatechisinau.md\/?p=12150\" rel=\"bookmark\">Municipalitatea continu\u0103 procesul de modernizare a transportului public din Capital\u0103<\/a><\/h5> \n\n\t\t\n\t\t<p>Prim\u0103ria Municipiului Chi\u0219in\u0103u informeaz\u0103 c\u0103 din 1 septembrie, curent, c\u00e2nd tradi\u021bional fluxul de pa...<\/p>\t<\/div> \n\n\t<div class=\"entry-footer\">\n\n\t\t<a href=\"https:\/\/mobilitatechisinau.md\/?p=12150\" class=\"read_more\">Continue reading<\/a>\n\t<\/div>\n\n<!-- \/ blog box-->\n<\/div><\/article>\n<article id=\"10848\" class=\"col col-sm-4 post-10848 post type-post status-publish format-video hentry category-comunicate category-modernizarea-puartec post_format-post-format-video\"><div class=\"post-content-wrapper\">\n \n\n<!-- blog box-->\n\t\n\t\t<div class=\"featured_video featured_media\">\n\t\t<div style=\"width: 1220px;\" class=\"wp-video\"><video class=\"wp-video-shortcode\" id=\"video-10848-1\" width=\"1220\" height=\"360\" preload=\"metadata\" controls=\"controls\"><source type=\"video\/mp4\" src=\"https:\/\/mobilitatechisinau.md\/wp-content\/uploads\/2024\/04\/7-troleibuze.mp4?_=1\" \/><a href=\"https:\/\/mobilitatechisinau.md\/wp-content\/uploads\/2024\/04\/7-troleibuze.mp4\">https:\/\/mobilitatechisinau.md\/wp-content\/uploads\/2024\/04\/7-troleibuze.mp4<\/a><\/video><\/div>\t<\/div> \t\t\n\t\n\t<!-- blog box-->\n\t<a href=\"https:\/\/mobilitatechisinau.md\/?p=10848\" title=\"Un nou lot de troleibuze va ajunge \u00een parcul Regiei Transport Electric Chi\u0219in\u0103u p\u00e2n\u0103 la sf\u00e2r\u0219itul lunii mai\" class=\"post-date\">29 aprilie 2024<\/a>\t\t\t\t\n\n\t<div class=\"entry-content text\">\n\n\t\t<!-- blog headline-->\n\t\t<h5 class=\"entry-title\"><a href=\"https:\/\/mobilitatechisinau.md\/?p=10848\" rel=\"bookmark\">Un nou lot de troleibuze va ajunge \u00een parcul Regiei Transport Electric Chi\u0219in\u0103u p\u00e2n\u0103 la sf\u00e2r\u0219itul lunii mai<\/a><\/h5> \n\n\t\t\n\t\t<p>Alte 7 troleibuze articulate procurate din Austria, or. Salzburg, plus 18 troleibuze, procurate din...<\/p>\t<\/div> \n\n\t<div class=\"entry-footer\">\n\n\t\t<a href=\"https:\/\/mobilitatechisinau.md\/?p=10848\" class=\"read_more\">Continue reading<\/a>\n\t<\/div>\n\n<!-- \/ blog box-->\n<\/div><\/article>\n<\/div>\n<div class=\"row clearfix\">\n<article id=\"10260\" class=\"col col-sm-4 post-10260 post type-post status-publish format-standard has-post-thumbnail hentry category-comunicate category-modernizarea-puartec\"><div class=\"post-content-wrapper\">\n \n\n<!-- blog box-->\n\t\t\t\t<figure class=\"featured_image featured_media\">\n\t\t\t<a href=\"https:\/\/mobilitatechisinau.md\/?p=10260\" title=\"Municipalitatea va achizi\u021biona un nou lot de troleibuze\" class=\"imgeffect link featured_image\"><img decoding=\"async\" src=\"https:\/\/mobilitatechisinau.md\/wp-content\/uploads\/2024\/03\/troleuri-riga-480x280.jpg\" alt=\"\" class=\"\" width=\"480\" height=\"280\" \/><\/a>\t\t\n\t\t<\/figure> \n\t\t\n\t<a href=\"https:\/\/mobilitatechisinau.md\/?p=10260\" title=\"Municipalitatea va achizi\u021biona un nou lot de troleibuze\" class=\"post-date\">19 martie 2024<\/a>\t\t\t\t\n\n\t<div class=\"entry-content text\">\n\n\t\t<!-- blog headline-->\n\t\t<h5 class=\"entry-title\"><a href=\"https:\/\/mobilitatechisinau.md\/?p=10260\" rel=\"bookmark\">Municipalitatea va achizi\u021biona un nou lot de troleibuze<\/a><\/h5> \n\n\t\t\n\t\t<p>Este vorba despre un lot de 43 troleibuze cu parcurs, model Skoda 24 Tr (clasice, a. 2008-2009) \u0219i G...<\/p>\t<\/div> \n\n\t<div class=\"entry-footer\">\n\n\t\t<a href=\"https:\/\/mobilitatechisinau.md\/?p=10260\" class=\"read_more\">Continue reading<\/a>\n\t<\/div>\n\n<!-- \/ blog box-->\n<\/div><\/article>\n<article id=\"8199\" class=\"col col-sm-4 post-8199 post type-post status-publish format-standard has-post-thumbnail hentry category-comunicate category-modernizarea-puartec\"><div class=\"post-content-wrapper\">\n \n\n<!-- blog box-->\n\t\t\t\t<figure class=\"featured_image featured_media\">\n\t\t\t<a href=\"https:\/\/mobilitatechisinau.md\/?p=8199\" title=\"Noi achizi\u021bii pentru parcurile urbane de autobuze \u0219i troleibuze\" class=\"imgeffect link featured_image\"><img loading=\"lazy\" decoding=\"async\" src=\"https:\/\/mobilitatechisinau.md\/wp-content\/uploads\/2022\/09\/noi-achizitii-480x275.jpg\" alt=\"\" class=\"\" width=\"480\" height=\"275\" \/><\/a>\t\t\n\t\t<\/figure> \n\t\t\n\t<a href=\"https:\/\/mobilitatechisinau.md\/?p=8199\" title=\"Noi achizi\u021bii pentru parcurile urbane de autobuze \u0219i troleibuze\" class=\"post-date\">19 septembrie 2022<\/a>\t\t\t\t\n\n\t<div class=\"entry-content text\">\n\n\t\t<!-- blog headline-->\n\t\t<h5 class=\"entry-title\"><a href=\"https:\/\/mobilitatechisinau.md\/?p=8199\" rel=\"bookmark\">Noi achizi\u021bii pentru parcurile urbane de autobuze \u0219i troleibuze<\/a><\/h5> \n\n\t\t\n\t\t<p>Un nou lot de autobuze va fi procurat \u00een anul curent pentru completarea Parcului Urban de Autobuze (...<\/p>\t<\/div> \n\n\t<div class=\"entry-footer\">\n\n\t\t<a href=\"https:\/\/mobilitatechisinau.md\/?p=8199\" class=\"read_more\">Continue reading<\/a>\n\t<\/div>\n\n<!-- \/ blog box-->\n<\/div><\/article>\n<article id=\"7616\" class=\"col col-sm-4 post-7616 post type-post status-publish format-standard has-post-thumbnail hentry category-comunicate category-modernizarea-puartec category-slide\"><div class=\"post-content-wrapper\">\n \n\n<!-- blog box-->\n\t\t\t\t<figure class=\"featured_image featured_media\">\n\t\t\t<a href=\"https:\/\/mobilitatechisinau.md\/?p=7616\" title=\"Investi\u021bii importante \u00een transportul public al Capitalei\" class=\"imgeffect link featured_image\"><img loading=\"lazy\" decoding=\"async\" src=\"https:\/\/mobilitatechisinau.md\/wp-content\/uploads\/2022\/06\/90041F4C-7828-4CB9-9BA1-726DB2C886F4-480x272.jpeg\" alt=\"\" class=\"\" width=\"480\" height=\"272\" \/><\/a>\t\t\n\t\t<\/figure> \n\t\t\n\t<a href=\"https:\/\/mobilitatechisinau.md\/?p=7616\" title=\"Investi\u021bii importante \u00een transportul public al Capitalei\" class=\"post-date\">23 iunie 2022<\/a>\t\t\t\t\n\n\t<div class=\"entry-content text\">\n\n\t\t<!-- blog headline-->\n\t\t<h5 class=\"entry-title\"><a href=\"https:\/\/mobilitatechisinau.md\/?p=7616\" rel=\"bookmark\">Investi\u021bii importante \u00een transportul public al Capitalei<\/a><\/h5> \n\n\t\t\n\t\t<p>Transportul public al municipiului Chi\u0219in\u0103u a c\u0103p\u0103tat o nou\u0103 fa\u021b\u0103, \u00een ultimii c\u00e2\u021biva ani. Pentru a s...<\/p>\t<\/div> \n\n\t<div class=\"entry-footer\">\n\n\t\t<a href=\"https:\/\/mobilitatechisinau.md\/?p=7616\" class=\"read_more\">Continue reading<\/a>\n\t<\/div>\n\n<!-- \/ blog box-->\n<\/div><\/article>\n<\/div>\n<div class=\"row clearfix\">\n<article id=\"6473\" class=\"col col-sm-4 post-6473 post type-post status-publish format-gallery has-post-thumbnail hentry category-comunicate category-galerie-foto category-modernizarea-puartec post_format-post-format-gallery\"><div class=\"post-content-wrapper\">\n \n\n\n\n<!-- blog box-->\n\n\t\t<figure class=\"featured_image featured_media\">\n\t\t<a href=\"https:\/\/mobilitatechisinau.md\/?p=6473\" title=\"Condi\u021bii decente de munc\u0103 pentru angaja\u021bii Parcului Urban de Autobuze\" class=\"imgeffect gallery\"><img loading=\"lazy\" decoding=\"async\" src=\"https:\/\/mobilitatechisinau.md\/wp-content\/uploads\/2022\/03\/conditii-mai-bune-480x275.jpg\" alt=\"\" class=\"\" width=\"480\" height=\"275\" \/><\/a>\t\t\n\t<\/figure> \n\t\n\t \n\n\t<a href=\"https:\/\/mobilitatechisinau.md\/?p=6473\" title=\"Condi\u021bii decente de munc\u0103 pentru angaja\u021bii Parcului Urban de Autobuze\" class=\"post-date\">15 octombrie 2021<\/a>\t\t\t\t\n\n\t<div class=\"entry-content text\">\n\n\t\t<!-- blog headline-->\n\t\t<h5 class=\"entry-title\"><a href=\"https:\/\/mobilitatechisinau.md\/?p=6473\" rel=\"bookmark\">Condi\u021bii decente de munc\u0103 pentru angaja\u021bii Parcului Urban de Autobuze<\/a><\/h5> \n\n\t\t\n\t\t<p>\u00centreprinderea Municipal\u0103 \u201eParcul Urban de Autobuze\u201d (PUA) a trecut printr-un amplu proces de modern...<\/p>\t<\/div> \n\n\t<div class=\"entry-footer\">\n\n\t\t<a href=\"https:\/\/mobilitatechisinau.md\/?p=6473\" class=\"read_more\">Continue reading<\/a>\n\t<\/div>\n\n<!-- \/ blog box--><\/div><\/article>\n<\/div>\n<\/div>\n\t\t<\/div>\n\t\t\t\t<\/div>\n\t\t\t\t\t<\/div>\n\t\t<\/div>\n\t\t\t\t\t<\/div>\n\t\t<\/section>\n\t\t\t\t<\/div>\n\t\t","protected":false},"excerpt":{"rendered":"<p>19 septembrie 2022 Noi achizi\u021bii pentru parcurile urbane de autobuze \u0219i troleibuze Un nou lot de autobuze va fi procurat \u00een anul curent pentru completarea Parcului Urban de Autobuze (&#8230; Continue reading 23 iunie 2022 Investi\u021bii importante \u00een transportul public al Capitalei Transportul public al municipiului Chi\u0219in\u0103u a c\u0103p\u0103tat o nou\u0103 fa\u021b\u0103, \u00een ultimii c\u00e2\u021biva [&hellip;]<\/p>\n","protected":false},"author":1,"featured_media":0,"parent":0,"menu_order":0,"comment_status":"closed","ping_status":"closed","template":"","meta":{"footnotes":""},"class_list":["post-6818","page","type-page","status-publish","hentry"],"yoast_head":"<!-- This site is optimized with the Yoast SEO plugin v23.9 - https:\/\/yoast.com\/wordpress\/plugins\/seo\/ -->\n<title>Modernizarea parcurilor PUA \u0219i RTEC - mobilitatechisinau.md<\/title>\n<meta name=\"robots\" content=\"index, follow, max-snippet:-1, max-image-preview:large, max-video-preview:-1\" \/>\n<link rel=\"canonical\" href=\"https:\/\/mobilitatechisinau.md\/?page_id=6818\" \/>\n<meta property=\"og:locale\" content=\"ro_RO\" \/>\n<meta property=\"og:type\" content=\"article\" \/>\n<meta property=\"og:title\" content=\"Modernizarea parcurilor PUA \u0219i RTEC - mobilitatechisinau.md\" \/>\n<meta property=\"og:description\" content=\"19 septembrie 2022 Noi achizi\u021bii pentru parcurile urbane de autobuze \u0219i troleibuze Un nou lot de autobuze va fi procurat \u00een anul curent pentru completarea Parcului Urban de Autobuze (&#8230; Continue reading 23 iunie 2022 Investi\u021bii importante \u00een transportul public al Capitalei Transportul public al municipiului Chi\u0219in\u0103u a c\u0103p\u0103tat o nou\u0103 fa\u021b\u0103, \u00een ultimii c\u00e2\u021biva [&hellip;]\" \/>\n<meta property=\"og:url\" content=\"https:\/\/mobilitatechisinau.md\/?page_id=6818\" \/>\n<meta property=\"og:site_name\" content=\"mobilitatechisinau.md\" \/>\n<meta property=\"article:publisher\" content=\"https:\/\/www.facebook.com\/DGTPCC\" \/>\n<meta property=\"article:modified_time\" content=\"2024-10-02T22:15:13+00:00\" \/>\n<meta property=\"og:image\" content=\"https:\/\/mobilitatechisinau.md\/wp-content\/uploads\/2022\/09\/noi-achizitii-480x275.jpg\" \/>\n<meta name=\"twitter:card\" content=\"summary_large_image\" \/>\n<meta name=\"twitter:label1\" content=\"Timp estimat pentru citire\" \/>\n\t<meta name=\"twitter:data1\" content=\"2 minute\" \/>\n<script type=\"application\/ld+json\" class=\"yoast-schema-graph\">{\"@context\":\"https:\/\/schema.org\",\"@graph\":[{\"@type\":\"WebPage\",\"@id\":\"https:\/\/mobilitatechisinau.md\/?page_id=6818\",\"url\":\"https:\/\/mobilitatechisinau.md\/?page_id=6818\",\"name\":\"Modernizarea parcurilor PUA \u0219i RTEC - mobilitatechisinau.md\",\"isPartOf\":{\"@id\":\"https:\/\/mobilitatechisinau.md\/#website\"},\"primaryImageOfPage\":{\"@id\":\"https:\/\/mobilitatechisinau.md\/?page_id=6818#primaryimage\"},\"image\":{\"@id\":\"https:\/\/mobilitatechisinau.md\/?page_id=6818#primaryimage\"},\"thumbnailUrl\":\"https:\/\/mobilitatechisinau.md\/wp-content\/uploads\/2022\/09\/noi-achizitii-480x275.jpg\",\"datePublished\":\"2022-03-18T10:37:36+00:00\",\"dateModified\":\"2024-10-02T22:15:13+00:00\",\"breadcrumb\":{\"@id\":\"https:\/\/mobilitatechisinau.md\/?page_id=6818#breadcrumb\"},\"inLanguage\":\"ro-RO\",\"potentialAction\":[{\"@type\":\"ReadAction\",\"target\":[\"https:\/\/mobilitatechisinau.md\/?page_id=6818\"]}]},{\"@type\":\"ImageObject\",\"inLanguage\":\"ro-RO\",\"@id\":\"https:\/\/mobilitatechisinau.md\/?page_id=6818#primaryimage\",\"url\":\"https:\/\/mobilitatechisinau.md\/wp-content\/uploads\/2022\/09\/noi-achizitii.jpg\",\"contentUrl\":\"https:\/\/mobilitatechisinau.md\/wp-content\/uploads\/2022\/09\/noi-achizitii.jpg\",\"width\":1220,\"height\":700},{\"@type\":\"BreadcrumbList\",\"@id\":\"https:\/\/mobilitatechisinau.md\/?page_id=6818#breadcrumb\",\"itemListElement\":[{\"@type\":\"ListItem\",\"position\":1,\"name\":\"Prima pagin\u0103\",\"item\":\"https:\/\/mobilitatechisinau.md\/\"},{\"@type\":\"ListItem\",\"position\":2,\"name\":\"Modernizarea parcurilor PUA \u0219i RTEC\"}]},{\"@type\":\"WebSite\",\"@id\":\"https:\/\/mobilitatechisinau.md\/#website\",\"url\":\"https:\/\/mobilitatechisinau.md\/\",\"name\":\"mobilitatechisinau.md\",\"description\":\"Direc\u0163ia General\u0103 Mobilitate Urban\u0103\",\"publisher\":{\"@id\":\"https:\/\/mobilitatechisinau.md\/#organization\"},\"potentialAction\":[{\"@type\":\"SearchAction\",\"target\":{\"@type\":\"EntryPoint\",\"urlTemplate\":\"https:\/\/mobilitatechisinau.md\/?s={search_term_string}\"},\"query-input\":{\"@type\":\"PropertyValueSpecification\",\"valueRequired\":true,\"valueName\":\"search_term_string\"}}],\"inLanguage\":\"ro-RO\"},{\"@type\":\"Organization\",\"@id\":\"https:\/\/mobilitatechisinau.md\/#organization\",\"name\":\"Direc\u0163ia general\u0103 transport public \u015fi c\u0103i de comunica\u0163ie\",\"url\":\"https:\/\/mobilitatechisinau.md\/\",\"logo\":{\"@type\":\"ImageObject\",\"inLanguage\":\"ro-RO\",\"@id\":\"https:\/\/mobilitatechisinau.md\/#\/schema\/logo\/image\/\",\"url\":\"https:\/\/dgtpcc.md\/wp-content\/uploads\/2022\/05\/DGTPCC-Chis\u0326ina\u0306u-new.jpg\",\"contentUrl\":\"https:\/\/dgtpcc.md\/wp-content\/uploads\/2022\/05\/DGTPCC-Chis\u0326ina\u0306u-new.jpg\",\"width\":304,\"height\":80,\"caption\":\"Direc\u0163ia general\u0103 transport public \u015fi c\u0103i de comunica\u0163ie\"},\"image\":{\"@id\":\"https:\/\/mobilitatechisinau.md\/#\/schema\/logo\/image\/\"},\"sameAs\":[\"https:\/\/www.facebook.com\/DGTPCC\"]}]}<\/script>\n<!-- \/ Yoast SEO plugin. -->","yoast_head_json":{"title":"Modernizarea parcurilor PUA \u0219i RTEC - mobilitatechisinau.md","robots":{"index":"index","follow":"follow","max-snippet":"max-snippet:-1","max-image-preview":"max-image-preview:large","max-video-preview":"max-video-preview:-1"},"canonical":"https:\/\/mobilitatechisinau.md\/?page_id=6818","og_locale":"ro_RO","og_type":"article","og_title":"Modernizarea parcurilor PUA \u0219i RTEC - mobilitatechisinau.md","og_description":"19 septembrie 2022 Noi achizi\u021bii pentru parcurile urbane de autobuze \u0219i troleibuze Un nou lot de autobuze va fi procurat \u00een anul curent pentru completarea Parcului Urban de Autobuze (&#8230; Continue reading 23 iunie 2022 Investi\u021bii importante \u00een transportul public al Capitalei Transportul public al municipiului Chi\u0219in\u0103u a c\u0103p\u0103tat o nou\u0103 fa\u021b\u0103, \u00een ultimii c\u00e2\u021biva [&hellip;]","og_url":"https:\/\/mobilitatechisinau.md\/?page_id=6818","og_site_name":"mobilitatechisinau.md","article_publisher":"https:\/\/www.facebook.com\/DGTPCC","article_modified_time":"2024-10-02T22:15:13+00:00","og_image":[{"url":"https:\/\/mobilitatechisinau.md\/wp-content\/uploads\/2022\/09\/noi-achizitii-480x275.jpg"}],"twitter_card":"summary_large_image","twitter_misc":{"Timp estimat pentru citire":"2 minute"},"schema":{"@context":"https:\/\/schema.org","@graph":[{"@type":"WebPage","@id":"https:\/\/mobilitatechisinau.md\/?page_id=6818","url":"https:\/\/mobilitatechisinau.md\/?page_id=6818","name":"Modernizarea parcurilor PUA \u0219i RTEC - mobilitatechisinau.md","isPartOf":{"@id":"https:\/\/mobilitatechisinau.md\/#website"},"primaryImageOfPage":{"@id":"https:\/\/mobilitatechisinau.md\/?page_id=6818#primaryimage"},"image":{"@id":"https:\/\/mobilitatechisinau.md\/?page_id=6818#primaryimage"},"thumbnailUrl":"https:\/\/mobilitatechisinau.md\/wp-content\/uploads\/2022\/09\/noi-achizitii-480x275.jpg","datePublished":"2022-03-18T10:37:36+00:00","dateModified":"2024-10-02T22:15:13+00:00","breadcrumb":{"@id":"https:\/\/mobilitatechisinau.md\/?page_id=6818#breadcrumb"},"inLanguage":"ro-RO","potentialAction":[{"@type":"ReadAction","target":["https:\/\/mobilitatechisinau.md\/?page_id=6818"]}]},{"@type":"ImageObject","inLanguage":"ro-RO","@id":"https:\/\/mobilitatechisinau.md\/?page_id=6818#primaryimage","url":"https:\/\/mobilitatechisinau.md\/wp-content\/uploads\/2022\/09\/noi-achizitii.jpg","contentUrl":"https:\/\/mobilitatechisinau.md\/wp-content\/uploads\/2022\/09\/noi-achizitii.jpg","width":1220,"height":700},{"@type":"BreadcrumbList","@id":"https:\/\/mobilitatechisinau.md\/?page_id=6818#breadcrumb","itemListElement":[{"@type":"ListItem","position":1,"name":"Prima pagin\u0103","item":"https:\/\/mobilitatechisinau.md\/"},{"@type":"ListItem","position":2,"name":"Modernizarea parcurilor PUA \u0219i RTEC"}]},{"@type":"WebSite","@id":"https:\/\/mobilitatechisinau.md\/#website","url":"https:\/\/mobilitatechisinau.md\/","name":"mobilitatechisinau.md","description":"Direc\u0163ia General\u0103 Mobilitate Urban\u0103","publisher":{"@id":"https:\/\/mobilitatechisinau.md\/#organization"},"potentialAction":[{"@type":"SearchAction","target":{"@type":"EntryPoint","urlTemplate":"https:\/\/mobilitatechisinau.md\/?s={search_term_string}"},"query-input":{"@type":"PropertyValueSpecification","valueRequired":true,"valueName":"search_term_string"}}],"inLanguage":"ro-RO"},{"@type":"Organization","@id":"https:\/\/mobilitatechisinau.md\/#organization","name":"Direc\u0163ia general\u0103 transport public \u015fi c\u0103i de comunica\u0163ie","url":"https:\/\/mobilitatechisinau.md\/","logo":{"@type":"ImageObject","inLanguage":"ro-RO","@id":"https:\/\/mobilitatechisinau.md\/#\/schema\/logo\/image\/","url":"https:\/\/dgtpcc.md\/wp-content\/uploads\/2022\/05\/DGTPCC-Chis\u0326ina\u0306u-new.jpg","contentUrl":"https:\/\/dgtpcc.md\/wp-content\/uploads\/2022\/05\/DGTPCC-Chis\u0326ina\u0306u-new.jpg","width":304,"height":80,"caption":"Direc\u0163ia general\u0103 transport public \u015fi c\u0103i de comunica\u0163ie"},"image":{"@id":"https:\/\/mobilitatechisinau.md\/#\/schema\/logo\/image\/"},"sameAs":["https:\/\/www.facebook.com\/DGTPCC"]}]}},"_links":{"self":[{"href":"https:\/\/mobilitatechisinau.md\/index.php?rest_route=\/wp\/v2\/pages\/6818","targetHints":{"allow":["GET"]}}],"collection":[{"href":"https:\/\/mobilitatechisinau.md\/index.php?rest_route=\/wp\/v2\/pages"}],"about":[{"href":"https:\/\/mobilitatechisinau.md\/index.php?rest_route=\/wp\/v2\/types\/page"}],"author":[{"embeddable":true,"href":"https:\/\/mobilitatechisinau.md\/index.php?rest_route=\/wp\/v2\/users\/1"}],"replies":[{"embeddable":true,"href":"https:\/\/mobilitatechisinau.md\/index.php?rest_route=%2Fwp%2Fv2%2Fcomments&post=6818"}],"version-history":[{"count":0,"href":"https:\/\/mobilitatechisinau.md\/index.php?rest_route=\/wp\/v2\/pages\/6818\/revisions"}],"wp:attachment":[{"href":"https:\/\/mobilitatechisinau.md\/index.php?rest_route=%2Fwp%2Fv2%2Fmedia&parent=6818"}],"curies":[{"name":"wp","href":"https:\/\/api.w.org\/{rel}","templated":true}]}}