{"id":6825,"date":"2022-03-18T12:40:20","date_gmt":"2022-03-18T10:40:20","guid":{"rendered":"https:\/\/mobilitatechisinau.md\/?page_id=6825"},"modified":"2023-05-04T00:04:26","modified_gmt":"2023-05-03T22:04:26","slug":"trotuare","status":"publish","type":"page","link":"https:\/\/mobilitatechisinau.md\/?page_id=6825","title":{"rendered":"Trotuare"},"content":{"rendered":"\t\t<div data-elementor-type=\"wp-page\" data-elementor-id=\"6825\" class=\"elementor elementor-6825\">\n\t\t\t\t\t\t<section class=\"elementor-section elementor-top-section elementor-element elementor-element-d9c6b14 elementor-section-boxed elementor-section-height-default elementor-section-height-default default-style\" data-id=\"d9c6b14\" data-element_type=\"section\" data-settings=\"{&quot;rt_color_sets&quot;:&quot;default-style&quot;}\">\n\t\t\t\t\t\t<div class=\"elementor-container elementor-column-gap-default\">\n\t\t\t\t\t<div class=\"elementor-column elementor-col-100 elementor-top-column elementor-element elementor-element-81c0507\" data-id=\"81c0507\" data-element_type=\"column\">\n\t\t\t<div class=\"elementor-widget-wrap elementor-element-populated\">\n\t\t\t\t\t\t<div class=\"elementor-element elementor-element-5875440 elementor-widget elementor-widget-rt-blog\" data-id=\"5875440\" data-element_type=\"widget\" data-widget_type=\"rt-blog.default\">\n\t\t\t\t<div class=\"elementor-widget-container\">\n\t\t\t\n<div id=\"blog-dynamicID-781793\" class=\"blog_list clearfix fixed_heights\" data-column-width=\"3\">\n<div class=\"row clearfix\">\n<article id=\"12239\" class=\"col col-sm-4 post-12239 post type-post status-publish format-standard has-post-thumbnail hentry category-comunicate category-trotuare\"><div class=\"post-content-wrapper\">\n \n\n<!-- blog box-->\n\t\t\t\t<figure class=\"featured_image featured_media\">\n\t\t\t<a href=\"https:\/\/mobilitatechisinau.md\/?p=12239\" title=\"Lucr\u0103rile de reabilitare a zonelor pietonale de pe strada Mihai Eminescu avanseaz\u0103 rapid\u00a0\" class=\"imgeffect link featured_image\"><img fetchpriority=\"high\" decoding=\"async\" src=\"https:\/\/mobilitatechisinau.md\/wp-content\/uploads\/2024\/08\/poza-480x280.jpg\" alt=\"\" class=\"\" width=\"480\" height=\"280\" \/><\/a>\t\t\n\t\t<\/figure> \n\t\t\n\t\t\t\t\t\n\n\t<div class=\"entry-content text\">\n\n\t\t<!-- blog headline-->\n\t\t<h5 class=\"entry-title\"><a href=\"https:\/\/mobilitatechisinau.md\/?p=12239\" rel=\"bookmark\">Lucr\u0103rile de reabilitare a zonelor pietonale de pe strada Mihai Eminescu avanseaz\u0103 rapid\u00a0<\/a><\/h5> \n\n\t\t\n\t\t<p>Strada Mihai Eminescu, una dintre arterele emblematice ale Capitalei, este \u00een curs de reabilitare. P...<\/p>\t<\/div> \n\n\t<div class=\"entry-footer\">\n\n\t\t<a href=\"https:\/\/mobilitatechisinau.md\/?p=12239\" class=\"read_more\">Continue reading<\/a>\n\t<\/div>\n\n<!-- \/ blog box-->\n<\/div><\/article>\n<article id=\"12031\" class=\"col col-sm-4 post-12031 post type-post status-publish format-standard has-post-thumbnail hentry category-comunicate category-trotuare\"><div class=\"post-content-wrapper\">\n \n\n<!-- blog box-->\n\t\t\t\t<figure class=\"featured_image featured_media\">\n\t\t\t<a href=\"https:\/\/mobilitatechisinau.md\/?p=12031\" title=\"Au fost reluate lucr\u0103rile de reabilitare a trotuarelor din Centrul istoric al ora\u0219ului\" class=\"imgeffect link featured_image\"><img decoding=\"async\" src=\"https:\/\/mobilitatechisinau.md\/wp-content\/uploads\/2024\/07\/trotuar-480x280.jpg\" alt=\"\" class=\"\" width=\"480\" height=\"280\" \/><\/a>\t\t\n\t\t<\/figure> \n\t\t\n\t\t\t\t\t\n\n\t<div class=\"entry-content text\">\n\n\t\t<!-- blog headline-->\n\t\t<h5 class=\"entry-title\"><a href=\"https:\/\/mobilitatechisinau.md\/?p=12031\" rel=\"bookmark\">Au fost reluate lucr\u0103rile de reabilitare a trotuarelor din Centrul istoric al ora\u0219ului<\/a><\/h5> \n\n\t\t\n\t\t<p>\u00cen prezent, se lucreaz\u0103 pe str. Mihai Eminescu, pe segmentul str. Bucure\u0219ti \u2013 \u0218tefan cel Mare \u0219i Sf\u00e2...<\/p>\t<\/div> \n\n\t<div class=\"entry-footer\">\n\n\t\t<a href=\"https:\/\/mobilitatechisinau.md\/?p=12031\" class=\"read_more\">Continue reading<\/a>\n\t<\/div>\n\n<!-- \/ blog box-->\n<\/div><\/article>\n<article id=\"11237\" class=\"col col-sm-4 post-11237 post type-post status-publish format-standard has-post-thumbnail hentry category-comunicate category-trotuare\"><div class=\"post-content-wrapper\">\n \n\n<!-- blog box-->\n\t\t\t\t<figure class=\"featured_image featured_media\">\n\t\t\t<a href=\"https:\/\/mobilitatechisinau.md\/?p=11237\" title=\"Continu\u0103 lucr\u0103rile de reabilitare a trotuarelor de pe bd. Rena\u0219terii Na\u021bionale\" class=\"imgeffect link featured_image\"><img decoding=\"async\" src=\"https:\/\/mobilitatechisinau.md\/wp-content\/uploads\/2024\/06\/drum-480x280.jpg\" alt=\"\" class=\"\" width=\"480\" height=\"280\" \/><\/a>\t\t\n\t\t<\/figure> \n\t\t\n\t\t\t\t\t\n\n\t<div class=\"entry-content text\">\n\n\t\t<!-- blog headline-->\n\t\t<h5 class=\"entry-title\"><a href=\"https:\/\/mobilitatechisinau.md\/?p=11237\" rel=\"bookmark\">Continu\u0103 lucr\u0103rile de reabilitare a trotuarelor de pe bd. Rena\u0219terii Na\u021bionale<\/a><\/h5> \n\n\t\t\n\t\t<p>La moment, ac\u021biunile se desf\u0103\u0219oar\u0103 l\u00e2ng\u0103 sta\u021bia peco din preajma Circului \u0219i presupun frezarea asfal...<\/p>\t<\/div> \n\n\t<div class=\"entry-footer\">\n\n\t\t<a href=\"https:\/\/mobilitatechisinau.md\/?p=11237\" class=\"read_more\">Continue reading<\/a>\n\t<\/div>\n\n<!-- \/ blog box-->\n<\/div><\/article>\n<\/div>\n<div class=\"row clearfix\">\n<article id=\"10083\" class=\"col col-sm-4 post-10083 post type-post status-publish format-standard has-post-thumbnail hentry category-comunicate category-trotuare\"><div class=\"post-content-wrapper\">\n \n\n<!-- blog box-->\n\t\t\t\t<figure class=\"featured_image featured_media\">\n\t\t\t<a href=\"https:\/\/mobilitatechisinau.md\/?p=10083\" title=\"Reabilitarea trotuarului pe bd. Rena\u0219terii Na\u021bionale\" class=\"imgeffect link featured_image\"><img loading=\"lazy\" decoding=\"async\" src=\"https:\/\/mobilitatechisinau.md\/wp-content\/uploads\/2024\/02\/reabilitare-trotuare-480x280.jpg\" alt=\"\" class=\"\" width=\"480\" height=\"280\" \/><\/a>\t\t\n\t\t<\/figure> \n\t\t\n\t\t\t\t\t\n\n\t<div class=\"entry-content text\">\n\n\t\t<!-- blog headline-->\n\t\t<h5 class=\"entry-title\"><a href=\"https:\/\/mobilitatechisinau.md\/?p=10083\" rel=\"bookmark\">Reabilitarea trotuarului pe bd. Rena\u0219terii Na\u021bionale<\/a><\/h5> \n\n\t\t\n\t\t<p>Au \u00eenceput lucr\u0103rile de reabilitare a trotuarului de pe bulevardul Rena\u0219terii Na\u021bionale, pe segmentu...<\/p>\t<\/div> \n\n\t<div class=\"entry-footer\">\n\n\t\t<a href=\"https:\/\/mobilitatechisinau.md\/?p=10083\" class=\"read_more\">Continue reading<\/a>\n\t<\/div>\n\n<!-- \/ blog box-->\n<\/div><\/article>\n<article id=\"9228\" class=\"col col-sm-4 post-9228 post type-post status-publish format-standard has-post-thumbnail hentry category-trotuare\"><div class=\"post-content-wrapper\">\n \n\n<!-- blog box-->\n\t\t\t\t<figure class=\"featured_image featured_media\">\n\t\t\t<a href=\"https:\/\/mobilitatechisinau.md\/?p=9228\" title=\"Repara\u021bia trotuarelor de pe bd. Decebal\" class=\"imgeffect link featured_image\"><img loading=\"lazy\" decoding=\"async\" src=\"https:\/\/mobilitatechisinau.md\/wp-content\/uploads\/2023\/04\/trotuare-decebal-480x275.jpg\" alt=\"\" class=\"\" width=\"480\" height=\"275\" \/><\/a>\t\t\n\t\t<\/figure> \n\t\t\n\t\t\t\t\t\n\n\t<div class=\"entry-content text\">\n\n\t\t<!-- blog headline-->\n\t\t<h5 class=\"entry-title\"><a href=\"https:\/\/mobilitatechisinau.md\/?p=9228\" rel=\"bookmark\">Repara\u021bia trotuarelor de pe bd. Decebal<\/a><\/h5> \n\n\t\t\n\t\t<p>Trotuarele de pe bd. Decebal vor fi reparate total, pe ambele sensuri de deplasare. Lucr\u0103rile au fos...<\/p>\t<\/div> \n\n\t<div class=\"entry-footer\">\n\n\t\t<a href=\"https:\/\/mobilitatechisinau.md\/?p=9228\" class=\"read_more\">Continue reading<\/a>\n\t<\/div>\n\n<!-- \/ blog box-->\n<\/div><\/article>\n<article id=\"9125\" class=\"col col-sm-4 post-9125 post type-post status-publish format-standard has-post-thumbnail hentry category-exdrupo-2023 category-trotuare\"><div class=\"post-content-wrapper\">\n \n\n<!-- blog box-->\n\t\t\t\t<figure class=\"featured_image featured_media\">\n\t\t\t<a href=\"https:\/\/mobilitatechisinau.md\/?p=9125\" title=\"Repara\u021bia str\u0103zii Brani\u0219tii\" class=\"imgeffect link featured_image\"><img loading=\"lazy\" decoding=\"async\" src=\"https:\/\/mobilitatechisinau.md\/wp-content\/uploads\/2023\/05\/branistii-480x275.jpg\" alt=\"\" class=\"\" width=\"480\" height=\"275\" \/><\/a>\t\t\n\t\t<\/figure> \n\t\t\n\t\t\t\t\t\n\n\t<div class=\"entry-content text\">\n\n\t\t<!-- blog headline-->\n\t\t<h5 class=\"entry-title\"><a href=\"https:\/\/mobilitatechisinau.md\/?p=9125\" rel=\"bookmark\">Repara\u021bia str\u0103zii Brani\u0219tii<\/a><\/h5> \n\n\t\t\n\t\t<p>Pe str. Brani\u015ftii se fac lucr\u0103ri de reabilitare a carosabilului \u0219i trotuarelor. Acestea se desf\u0103\u0219oar...<\/p>\t<\/div> \n\n\t<div class=\"entry-footer\">\n\n\t\t<a href=\"https:\/\/mobilitatechisinau.md\/?p=9125\" class=\"read_more\">Continue reading<\/a>\n\t<\/div>\n\n<!-- \/ blog box-->\n<\/div><\/article>\n<\/div>\n<div class=\"row clearfix\">\n<article id=\"8883\" class=\"col col-sm-4 post-8883 post type-post status-publish format-standard has-post-thumbnail hentry category-comunicate category-trotuare\"><div class=\"post-content-wrapper\">\n \n\n<!-- blog box-->\n\t\t\t\t<figure class=\"featured_image featured_media\">\n\t\t\t<a href=\"https:\/\/mobilitatechisinau.md\/?p=8883\" title=\"Au fost reluate lucr\u0103rile de repara\u021bie a trotuarelor din strada Kiev\" class=\"imgeffect link featured_image\"><img loading=\"lazy\" decoding=\"async\" src=\"https:\/\/mobilitatechisinau.md\/wp-content\/uploads\/2023\/03\/trotuare-Kiev-480x275.jpg\" alt=\"\" class=\"\" width=\"480\" height=\"275\" \/><\/a>\t\t\n\t\t<\/figure> \n\t\t\n\t\t\t\t\t\n\n\t<div class=\"entry-content text\">\n\n\t\t<!-- blog headline-->\n\t\t<h5 class=\"entry-title\"><a href=\"https:\/\/mobilitatechisinau.md\/?p=8883\" rel=\"bookmark\">Au fost reluate lucr\u0103rile de repara\u021bie a trotuarelor din strada Kiev<\/a><\/h5> \n\n\t\t\n\t\t<p>Reabilitarea trotuarelor de pe str. Kiev, sectorul R\u00ee\u0219cani, continu\u0103. Pe partea par\u0103 a str\u0103zii se fa...<\/p>\t<\/div> \n\n\t<div class=\"entry-footer\">\n\n\t\t<a href=\"https:\/\/mobilitatechisinau.md\/?p=8883\" class=\"read_more\">Continue reading<\/a>\n\t<\/div>\n\n<!-- \/ blog box-->\n<\/div><\/article>\n<article id=\"8870\" class=\"col col-sm-4 post-8870 post type-post status-publish format-standard has-post-thumbnail hentry category-comunicate category-trotuare\"><div class=\"post-content-wrapper\">\n \n\n<!-- blog box-->\n\t\t\t\t<figure class=\"featured_image featured_media\">\n\t\t\t<a href=\"https:\/\/mobilitatechisinau.md\/?p=8870\" title=\"O pist\u0103 pentru cicli\u0219ti, cu dou\u0103 sensuri de deplasare, se amenajeaz\u0103 pe bd. Dacia\" class=\"imgeffect link featured_image\"><img loading=\"lazy\" decoding=\"async\" src=\"https:\/\/mobilitatechisinau.md\/wp-content\/uploads\/2023\/03\/piste-Dacia-480x275.jpg\" alt=\"\" class=\"\" width=\"480\" height=\"275\" \/><\/a>\t\t\n\t\t<\/figure> \n\t\t\n\t\t\t\t\t\n\n\t<div class=\"entry-content text\">\n\n\t\t<!-- blog headline-->\n\t\t<h5 class=\"entry-title\"><a href=\"https:\/\/mobilitatechisinau.md\/?p=8870\" rel=\"bookmark\">O pist\u0103 pentru cicli\u0219ti, cu dou\u0103 sensuri de deplasare, se amenajeaz\u0103 pe bd. Dacia<\/a><\/h5> \n\n\t\t\n\t\t<p>Veste bun\u0103 pentru to\u021bi iubitorii de ciclism. Pe bd. Dacia din sectorul Botanica al Capitalei se amen...<\/p>\t<\/div> \n\n\t<div class=\"entry-footer\">\n\n\t\t<a href=\"https:\/\/mobilitatechisinau.md\/?p=8870\" class=\"read_more\">Continue reading<\/a>\n\t<\/div>\n\n<!-- \/ blog box-->\n<\/div><\/article>\n<article id=\"8824\" class=\"col col-sm-4 post-8824 post type-post status-publish format-standard has-post-thumbnail hentry category-comunicate category-trotuare\"><div class=\"post-content-wrapper\">\n \n\n<!-- blog box-->\n\t\t\t\t<figure class=\"featured_image featured_media\">\n\t\t\t<a href=\"https:\/\/mobilitatechisinau.md\/?p=8824\" title=\"Trotuarele de pe bd. Decebal au intrat \u00een repara\u021bie\" class=\"imgeffect link featured_image\"><img loading=\"lazy\" decoding=\"async\" src=\"https:\/\/mobilitatechisinau.md\/wp-content\/uploads\/2023\/02\/trotuare-2-480x275.jpg\" alt=\"\" class=\"\" width=\"480\" height=\"275\" \/><\/a>\t\t\n\t\t<\/figure> \n\t\t\n\t\t\t\t\t\n\n\t<div class=\"entry-content text\">\n\n\t\t<!-- blog headline-->\n\t\t<h5 class=\"entry-title\"><a href=\"https:\/\/mobilitatechisinau.md\/?p=8824\" rel=\"bookmark\">Trotuarele de pe bd. Decebal au intrat \u00een repara\u021bie<\/a><\/h5> \n\n\t\t\n\t\t<p>Au fost ini\u021biate lucr\u0103rile de reabilitare a trotuarelor de pe bd. Decebal. La prima etap\u0103, vor fi re...<\/p>\t<\/div> \n\n\t<div class=\"entry-footer\">\n\n\t\t<a href=\"https:\/\/mobilitatechisinau.md\/?p=8824\" class=\"read_more\">Continue reading<\/a>\n\t<\/div>\n\n<!-- \/ blog box-->\n<\/div><\/article>\n<\/div>\n<div class=\"row clearfix\">\n<article id=\"8374\" class=\"col col-sm-4 post-8374 post type-post status-publish format-standard has-post-thumbnail hentry category-comunicate category-trotuare\"><div class=\"post-content-wrapper\">\n \n\n<!-- blog box-->\n\t\t\t\t<figure class=\"featured_image featured_media\">\n\t\t\t<a href=\"https:\/\/mobilitatechisinau.md\/?p=8374\" title=\"\u00cen capital\u0103 demareaz\u0103 un nou proiect de reabilitare a trotuarelor din centrul istoric\" class=\"imgeffect link featured_image\"><img loading=\"lazy\" decoding=\"async\" src=\"https:\/\/mobilitatechisinau.md\/wp-content\/uploads\/2022\/11\/trotuare-480x275.jpg\" alt=\"\" class=\"\" width=\"480\" height=\"275\" \/><\/a>\t\t\n\t\t<\/figure> \n\t\t\n\t\t\t\t\t\n\n\t<div class=\"entry-content text\">\n\n\t\t<!-- blog headline-->\n\t\t<h5 class=\"entry-title\"><a href=\"https:\/\/mobilitatechisinau.md\/?p=8374\" rel=\"bookmark\">\u00cen capital\u0103 demareaz\u0103 un nou proiect de reabilitare a trotuarelor din centrul istoric<\/a><\/h5> \n\n\t\t\n\t\t<p>Mai multe trotuare din centrul istoric al ora\u0219ului Chi\u0219in\u0103u vor fi reabilitate. Este vorba despre st...<\/p>\t<\/div> \n\n\t<div class=\"entry-footer\">\n\n\t\t<a href=\"https:\/\/mobilitatechisinau.md\/?p=8374\" class=\"read_more\">Continue reading<\/a>\n\t<\/div>\n\n<!-- \/ blog box-->\n<\/div><\/article>\n<\/div>\n<\/div>\n\t\t<\/div>\n\t\t\t\t<\/div>\n\t\t\t\t\t<\/div>\n\t\t<\/div>\n\t\t\t\t\t<\/div>\n\t\t<\/section>\n\t\t\t\t<\/div>\n\t\t","protected":false},"excerpt":{"rendered":"<p>Au fost reluate lucr\u0103rile de repara\u021bie a trotuarelor din strada Kiev Reabilitarea trotuarelor de pe str. Kiev, sectorul R\u00ee\u0219cani, continu\u0103. Pe partea par\u0103 a str\u0103zii se fa&#8230; Continue reading O pist\u0103 pentru cicli\u0219ti, cu dou\u0103 sensuri de deplasare, se amenajeaz\u0103 pe bd. Dacia Veste bun\u0103 pentru to\u021bi iubitorii de ciclism. Pe bd. Dacia din sectorul [&hellip;]<\/p>\n","protected":false},"author":1,"featured_media":0,"parent":0,"menu_order":0,"comment_status":"closed","ping_status":"closed","template":"","meta":{"footnotes":""},"class_list":["post-6825","page","type-page","status-publish","hentry"],"yoast_head":"<!-- This site is optimized with the Yoast SEO plugin v23.9 - https:\/\/yoast.com\/wordpress\/plugins\/seo\/ -->\n<title>Trotuare - mobilitatechisinau.md<\/title>\n<meta name=\"robots\" content=\"index, follow, max-snippet:-1, max-image-preview:large, max-video-preview:-1\" \/>\n<link rel=\"canonical\" href=\"https:\/\/mobilitatechisinau.md\/?page_id=6825\" \/>\n<meta property=\"og:locale\" content=\"ro_RO\" \/>\n<meta property=\"og:type\" content=\"article\" \/>\n<meta property=\"og:title\" content=\"Trotuare - mobilitatechisinau.md\" \/>\n<meta property=\"og:description\" content=\"Au fost reluate lucr\u0103rile de repara\u021bie a trotuarelor din strada Kiev Reabilitarea trotuarelor de pe str. Kiev, sectorul R\u00ee\u0219cani, continu\u0103. Pe partea par\u0103 a str\u0103zii se fa&#8230; Continue reading O pist\u0103 pentru cicli\u0219ti, cu dou\u0103 sensuri de deplasare, se amenajeaz\u0103 pe bd. Dacia Veste bun\u0103 pentru to\u021bi iubitorii de ciclism. Pe bd. Dacia din sectorul [&hellip;]\" \/>\n<meta property=\"og:url\" content=\"https:\/\/mobilitatechisinau.md\/?page_id=6825\" \/>\n<meta property=\"og:site_name\" content=\"mobilitatechisinau.md\" \/>\n<meta property=\"article:publisher\" content=\"https:\/\/www.facebook.com\/DGTPCC\" \/>\n<meta property=\"article:modified_time\" content=\"2023-05-03T22:04:26+00:00\" \/>\n<meta property=\"og:image\" content=\"https:\/\/mobilitatechisinau.md\/wp-content\/uploads\/2023\/03\/trotuare-Kiev-480x275.jpg\" \/>\n<meta name=\"twitter:card\" content=\"summary_large_image\" \/>\n<meta name=\"twitter:label1\" content=\"Timp estimat pentru citire\" \/>\n\t<meta name=\"twitter:data1\" content=\"2 minute\" \/>\n<script type=\"application\/ld+json\" class=\"yoast-schema-graph\">{\"@context\":\"https:\/\/schema.org\",\"@graph\":[{\"@type\":\"WebPage\",\"@id\":\"https:\/\/mobilitatechisinau.md\/?page_id=6825\",\"url\":\"https:\/\/mobilitatechisinau.md\/?page_id=6825\",\"name\":\"Trotuare - mobilitatechisinau.md\",\"isPartOf\":{\"@id\":\"https:\/\/mobilitatechisinau.md\/#website\"},\"primaryImageOfPage\":{\"@id\":\"https:\/\/mobilitatechisinau.md\/?page_id=6825#primaryimage\"},\"image\":{\"@id\":\"https:\/\/mobilitatechisinau.md\/?page_id=6825#primaryimage\"},\"thumbnailUrl\":\"https:\/\/mobilitatechisinau.md\/wp-content\/uploads\/2023\/03\/trotuare-Kiev-480x275.jpg\",\"datePublished\":\"2022-03-18T10:40:20+00:00\",\"dateModified\":\"2023-05-03T22:04:26+00:00\",\"breadcrumb\":{\"@id\":\"https:\/\/mobilitatechisinau.md\/?page_id=6825#breadcrumb\"},\"inLanguage\":\"ro-RO\",\"potentialAction\":[{\"@type\":\"ReadAction\",\"target\":[\"https:\/\/mobilitatechisinau.md\/?page_id=6825\"]}]},{\"@type\":\"ImageObject\",\"inLanguage\":\"ro-RO\",\"@id\":\"https:\/\/mobilitatechisinau.md\/?page_id=6825#primaryimage\",\"url\":\"https:\/\/mobilitatechisinau.md\/wp-content\/uploads\/2023\/03\/trotuare-Kiev.jpg\",\"contentUrl\":\"https:\/\/mobilitatechisinau.md\/wp-content\/uploads\/2023\/03\/trotuare-Kiev.jpg\",\"width\":1220,\"height\":700},{\"@type\":\"BreadcrumbList\",\"@id\":\"https:\/\/mobilitatechisinau.md\/?page_id=6825#breadcrumb\",\"itemListElement\":[{\"@type\":\"ListItem\",\"position\":1,\"name\":\"Prima pagin\u0103\",\"item\":\"https:\/\/mobilitatechisinau.md\/\"},{\"@type\":\"ListItem\",\"position\":2,\"name\":\"Trotuare\"}]},{\"@type\":\"WebSite\",\"@id\":\"https:\/\/mobilitatechisinau.md\/#website\",\"url\":\"https:\/\/mobilitatechisinau.md\/\",\"name\":\"mobilitatechisinau.md\",\"description\":\"Direc\u0163ia General\u0103 Mobilitate Urban\u0103\",\"publisher\":{\"@id\":\"https:\/\/mobilitatechisinau.md\/#organization\"},\"potentialAction\":[{\"@type\":\"SearchAction\",\"target\":{\"@type\":\"EntryPoint\",\"urlTemplate\":\"https:\/\/mobilitatechisinau.md\/?s={search_term_string}\"},\"query-input\":{\"@type\":\"PropertyValueSpecification\",\"valueRequired\":true,\"valueName\":\"search_term_string\"}}],\"inLanguage\":\"ro-RO\"},{\"@type\":\"Organization\",\"@id\":\"https:\/\/mobilitatechisinau.md\/#organization\",\"name\":\"Direc\u0163ia general\u0103 transport public \u015fi c\u0103i de comunica\u0163ie\",\"url\":\"https:\/\/mobilitatechisinau.md\/\",\"logo\":{\"@type\":\"ImageObject\",\"inLanguage\":\"ro-RO\",\"@id\":\"https:\/\/mobilitatechisinau.md\/#\/schema\/logo\/image\/\",\"url\":\"https:\/\/dgtpcc.md\/wp-content\/uploads\/2022\/05\/DGTPCC-Chis\u0326ina\u0306u-new.jpg\",\"contentUrl\":\"https:\/\/dgtpcc.md\/wp-content\/uploads\/2022\/05\/DGTPCC-Chis\u0326ina\u0306u-new.jpg\",\"width\":304,\"height\":80,\"caption\":\"Direc\u0163ia general\u0103 transport public \u015fi c\u0103i de comunica\u0163ie\"},\"image\":{\"@id\":\"https:\/\/mobilitatechisinau.md\/#\/schema\/logo\/image\/\"},\"sameAs\":[\"https:\/\/www.facebook.com\/DGTPCC\"]}]}<\/script>\n<!-- \/ Yoast SEO plugin. -->","yoast_head_json":{"title":"Trotuare - mobilitatechisinau.md","robots":{"index":"index","follow":"follow","max-snippet":"max-snippet:-1","max-image-preview":"max-image-preview:large","max-video-preview":"max-video-preview:-1"},"canonical":"https:\/\/mobilitatechisinau.md\/?page_id=6825","og_locale":"ro_RO","og_type":"article","og_title":"Trotuare - mobilitatechisinau.md","og_description":"Au fost reluate lucr\u0103rile de repara\u021bie a trotuarelor din strada Kiev Reabilitarea trotuarelor de pe str. Kiev, sectorul R\u00ee\u0219cani, continu\u0103. Pe partea par\u0103 a str\u0103zii se fa&#8230; Continue reading O pist\u0103 pentru cicli\u0219ti, cu dou\u0103 sensuri de deplasare, se amenajeaz\u0103 pe bd. Dacia Veste bun\u0103 pentru to\u021bi iubitorii de ciclism. Pe bd. Dacia din sectorul [&hellip;]","og_url":"https:\/\/mobilitatechisinau.md\/?page_id=6825","og_site_name":"mobilitatechisinau.md","article_publisher":"https:\/\/www.facebook.com\/DGTPCC","article_modified_time":"2023-05-03T22:04:26+00:00","og_image":[{"url":"https:\/\/mobilitatechisinau.md\/wp-content\/uploads\/2023\/03\/trotuare-Kiev-480x275.jpg"}],"twitter_card":"summary_large_image","twitter_misc":{"Timp estimat pentru citire":"2 minute"},"schema":{"@context":"https:\/\/schema.org","@graph":[{"@type":"WebPage","@id":"https:\/\/mobilitatechisinau.md\/?page_id=6825","url":"https:\/\/mobilitatechisinau.md\/?page_id=6825","name":"Trotuare - mobilitatechisinau.md","isPartOf":{"@id":"https:\/\/mobilitatechisinau.md\/#website"},"primaryImageOfPage":{"@id":"https:\/\/mobilitatechisinau.md\/?page_id=6825#primaryimage"},"image":{"@id":"https:\/\/mobilitatechisinau.md\/?page_id=6825#primaryimage"},"thumbnailUrl":"https:\/\/mobilitatechisinau.md\/wp-content\/uploads\/2023\/03\/trotuare-Kiev-480x275.jpg","datePublished":"2022-03-18T10:40:20+00:00","dateModified":"2023-05-03T22:04:26+00:00","breadcrumb":{"@id":"https:\/\/mobilitatechisinau.md\/?page_id=6825#breadcrumb"},"inLanguage":"ro-RO","potentialAction":[{"@type":"ReadAction","target":["https:\/\/mobilitatechisinau.md\/?page_id=6825"]}]},{"@type":"ImageObject","inLanguage":"ro-RO","@id":"https:\/\/mobilitatechisinau.md\/?page_id=6825#primaryimage","url":"https:\/\/mobilitatechisinau.md\/wp-content\/uploads\/2023\/03\/trotuare-Kiev.jpg","contentUrl":"https:\/\/mobilitatechisinau.md\/wp-content\/uploads\/2023\/03\/trotuare-Kiev.jpg","width":1220,"height":700},{"@type":"BreadcrumbList","@id":"https:\/\/mobilitatechisinau.md\/?page_id=6825#breadcrumb","itemListElement":[{"@type":"ListItem","position":1,"name":"Prima pagin\u0103","item":"https:\/\/mobilitatechisinau.md\/"},{"@type":"ListItem","position":2,"name":"Trotuare"}]},{"@type":"WebSite","@id":"https:\/\/mobilitatechisinau.md\/#website","url":"https:\/\/mobilitatechisinau.md\/","name":"mobilitatechisinau.md","description":"Direc\u0163ia General\u0103 Mobilitate Urban\u0103","publisher":{"@id":"https:\/\/mobilitatechisinau.md\/#organization"},"potentialAction":[{"@type":"SearchAction","target":{"@type":"EntryPoint","urlTemplate":"https:\/\/mobilitatechisinau.md\/?s={search_term_string}"},"query-input":{"@type":"PropertyValueSpecification","valueRequired":true,"valueName":"search_term_string"}}],"inLanguage":"ro-RO"},{"@type":"Organization","@id":"https:\/\/mobilitatechisinau.md\/#organization","name":"Direc\u0163ia general\u0103 transport public \u015fi c\u0103i de comunica\u0163ie","url":"https:\/\/mobilitatechisinau.md\/","logo":{"@type":"ImageObject","inLanguage":"ro-RO","@id":"https:\/\/mobilitatechisinau.md\/#\/schema\/logo\/image\/","url":"https:\/\/dgtpcc.md\/wp-content\/uploads\/2022\/05\/DGTPCC-Chis\u0326ina\u0306u-new.jpg","contentUrl":"https:\/\/dgtpcc.md\/wp-content\/uploads\/2022\/05\/DGTPCC-Chis\u0326ina\u0306u-new.jpg","width":304,"height":80,"caption":"Direc\u0163ia general\u0103 transport public \u015fi c\u0103i de comunica\u0163ie"},"image":{"@id":"https:\/\/mobilitatechisinau.md\/#\/schema\/logo\/image\/"},"sameAs":["https:\/\/www.facebook.com\/DGTPCC"]}]}},"_links":{"self":[{"href":"https:\/\/mobilitatechisinau.md\/index.php?rest_route=\/wp\/v2\/pages\/6825","targetHints":{"allow":["GET"]}}],"collection":[{"href":"https:\/\/mobilitatechisinau.md\/index.php?rest_route=\/wp\/v2\/pages"}],"about":[{"href":"https:\/\/mobilitatechisinau.md\/index.php?rest_route=\/wp\/v2\/types\/page"}],"author":[{"embeddable":true,"href":"https:\/\/mobilitatechisinau.md\/index.php?rest_route=\/wp\/v2\/users\/1"}],"replies":[{"embeddable":true,"href":"https:\/\/mobilitatechisinau.md\/index.php?rest_route=%2Fwp%2Fv2%2Fcomments&post=6825"}],"version-history":[{"count":0,"href":"https:\/\/mobilitatechisinau.md\/index.php?rest_route=\/wp\/v2\/pages\/6825\/revisions"}],"wp:attachment":[{"href":"https:\/\/mobilitatechisinau.md\/index.php?rest_route=%2Fwp%2Fv2%2Fmedia&parent=6825"}],"curies":[{"name":"wp","href":"https:\/\/api.w.org\/{rel}","templated":true}]}}