{"id":7183,"date":"2022-04-20T13:43:56","date_gmt":"2022-04-20T11:43:56","guid":{"rendered":"https:\/\/mobilitatechisinau.md\/?page_id=7183"},"modified":"2024-10-17T14:47:39","modified_gmt":"2024-10-17T12:47:39","slug":"benzi-dedicate","status":"publish","type":"page","link":"https:\/\/mobilitatechisinau.md\/?page_id=7183","title":{"rendered":"Benzi dedicate"},"content":{"rendered":"\t\t<div data-elementor-type=\"wp-page\" data-elementor-id=\"7183\" class=\"elementor elementor-7183\">\n\t\t\t\t\t\t<section class=\"elementor-section elementor-top-section elementor-element elementor-element-a1eb03f elementor-section-boxed elementor-section-height-default elementor-section-height-default default-style\" data-id=\"a1eb03f\" data-element_type=\"section\" data-settings=\"{&quot;rt_color_sets&quot;:&quot;default-style&quot;}\">\n\t\t\t\t\t\t<div class=\"elementor-container elementor-column-gap-default\">\n\t\t\t\t\t<div class=\"elementor-column elementor-col-100 elementor-top-column elementor-element elementor-element-1cf0ca6f\" data-id=\"1cf0ca6f\" data-element_type=\"column\">\n\t\t\t<div class=\"elementor-widget-wrap elementor-element-populated\">\n\t\t\t\t\t\t<div class=\"elementor-element elementor-element-2fdbcdd2 elementor-widget elementor-widget-rt-blog\" data-id=\"2fdbcdd2\" data-element_type=\"widget\" data-widget_type=\"rt-blog.default\">\n\t\t\t\t<div class=\"elementor-widget-container\">\n\t\t\t\n<div id=\"blog-dynamicID-752363\" class=\"blog_list clearfix fixed_heights\" data-column-width=\"3\">\n<div class=\"row clearfix\">\n<article id=\"13138\" class=\"col col-sm-4 post-13138 post type-post status-publish format-standard has-post-thumbnail hentry category-benzi-dedicate category-comunicate\"><div class=\"post-content-wrapper boxed\">\n \n\n<!-- blog box-->\n\t\t\t\t<figure class=\"featured_image featured_media\">\n\t\t\t<a href=\"https:\/\/mobilitatechisinau.md\/?p=13138\" title=\"Mai multe benzi dedicate pentru un transport public rapid \u0219i eficient \u00een Chi\u0219in\u0103u\" class=\"imgeffect link featured_image\"><img fetchpriority=\"high\" decoding=\"async\" src=\"https:\/\/mobilitatechisinau.md\/wp-content\/uploads\/2024\/10\/3-4-305x178.jpg\" alt=\"\" class=\"\" width=\"305\" height=\"178\" \/><\/a>\t\t\n\t\t<\/figure> \n\t\t\n\t\t\t\t\t\n\n\t<div class=\"entry-content text\">\n\n\t\t<!-- blog headline-->\n\t\t<h5 class=\"entry-title\"><a href=\"https:\/\/mobilitatechisinau.md\/?p=13138\" rel=\"bookmark\">Mai multe benzi dedicate pentru un transport public rapid \u0219i eficient \u00een Chi\u0219in\u0103u<\/a><\/h5> \n\n\t\t\n\t\t<p>\u00cen efortul de a \u00eembun\u0103t\u0103\u021bi serviciile de transport public \u0219i de a facilita deplasarea rapid\u0103 a autob...<\/p>\t<\/div> \n\n\t<div class=\"entry-footer\">\n\n\t\t<a href=\"https:\/\/mobilitatechisinau.md\/?p=13138\" class=\"read_more\">Continue reading<\/a>\n\t<\/div>\n\n<!-- \/ blog box-->\n<\/div><\/article>\n<article id=\"10936\" class=\"col col-sm-4 post-10936 post type-post status-publish format-video hentry category-benzi-dedicate category-comunicate post_format-post-format-video\"><div class=\"post-content-wrapper boxed\">\n \n\n<!-- blog box-->\n\t\n\t\t<div class=\"featured_video featured_media\">\n\t\t<div style=\"width: 1220px;\" class=\"wp-video\"><video class=\"wp-video-shortcode\" id=\"video-10936-1\" width=\"1220\" height=\"360\" preload=\"metadata\" controls=\"controls\"><source type=\"video\/mp4\" src=\"https:\/\/mobilitatechisinau.md\/wp-content\/uploads\/2024\/05\/benzi-dedicate.mp4?_=1\" \/><a href=\"https:\/\/mobilitatechisinau.md\/wp-content\/uploads\/2024\/05\/benzi-dedicate.mp4\">https:\/\/mobilitatechisinau.md\/wp-content\/uploads\/2024\/05\/benzi-dedicate.mp4<\/a><\/video><\/div>\t<\/div> \t\t\n\t\n\t<!-- blog box-->\n\t\t\t\t\t\n\n\t<div class=\"entry-content text\">\n\n\t\t<!-- blog headline-->\n\t\t<h5 class=\"entry-title\"><a href=\"https:\/\/mobilitatechisinau.md\/?p=10936\" rel=\"bookmark\">Extinderea re\u021belei de benzi dedicate transportului public: o prioritate pentru fluidizarea traficului \u00een Chi\u0219in\u0103u<\/a><\/h5> \n\n\t\t\n\t\t<p>\u00cen cadrul emisiunii \u201eConsens Na\u021bional\u201d de la RLIVE TV, Vitalie Mihalache, \u0219eful Direc\u021biei Generale M...<\/p>\t<\/div> \n\n\t<div class=\"entry-footer\">\n\n\t\t<a href=\"https:\/\/mobilitatechisinau.md\/?p=10936\" class=\"read_more\">Continue reading<\/a>\n\t<\/div>\n\n<!-- \/ blog box-->\n<\/div><\/article>\n<article id=\"9250\" class=\"col col-sm-4 post-9250 post type-post status-publish format-standard has-post-thumbnail hentry category-benzi-dedicate\"><div class=\"post-content-wrapper boxed\">\n \n\n<!-- blog box-->\n\t\t\t\t<figure class=\"featured_image featured_media\">\n\t\t\t<a href=\"https:\/\/mobilitatechisinau.md\/?p=9250\" title=\"Benzi dedicate transportului public pe str\u0103zile Capitalei\" class=\"imgeffect link featured_image\"><img decoding=\"async\" src=\"https:\/\/mobilitatechisinau.md\/wp-content\/uploads\/2023\/05\/benzi-dedicate-305x178.jpg\" alt=\"\" class=\"\" width=\"305\" height=\"178\" \/><\/a>\t\t\n\t\t<\/figure> \n\t\t\n\t\t\t\t\t\n\n\t<div class=\"entry-content text\">\n\n\t\t<!-- blog headline-->\n\t\t<h5 class=\"entry-title\"><a href=\"https:\/\/mobilitatechisinau.md\/?p=9250\" rel=\"bookmark\">Benzi dedicate transportului public pe str\u0103zile Capitalei<\/a><\/h5> \n\n\t\t\n\t\t<p>Pentru a \u00eembun\u0103t\u0103\u021bi serviciile de transport public, \u00een anul 2020 au \u00eenceput a fi aplicate, \u00een premie...<\/p>\t<\/div> \n\n\t<div class=\"entry-footer\">\n\n\t\t<a href=\"https:\/\/mobilitatechisinau.md\/?p=9250\" class=\"read_more\">Continue reading<\/a>\n\t<\/div>\n\n<!-- \/ blog box-->\n<\/div><\/article>\n<\/div>\n<\/div>\n\t\t<\/div>\n\t\t\t\t<\/div>\n\t\t\t\t\t<\/div>\n\t\t<\/div>\n\t\t\t\t\t<\/div>\n\t\t<\/section>\n\t\t\t\t<section class=\"elementor-section elementor-top-section elementor-element elementor-element-3afedac1 elementor-section-boxed elementor-section-height-default elementor-section-height-default default-style\" data-id=\"3afedac1\" data-element_type=\"section\" data-settings=\"{&quot;rt_color_sets&quot;:&quot;default-style&quot;}\">\n\t\t\t\t\t\t<div class=\"elementor-container elementor-column-gap-default\">\n\t\t\t\t\t<div class=\"elementor-column elementor-col-100 elementor-top-column elementor-element elementor-element-5270045d\" data-id=\"5270045d\" data-element_type=\"column\">\n\t\t\t<div class=\"elementor-widget-wrap elementor-element-populated\">\n\t\t\t\t\t\t<div class=\"elementor-element elementor-element-50a62fde elementor-widget elementor-widget-text-editor\" data-id=\"50a62fde\" data-element_type=\"widget\" data-widget_type=\"text-editor.default\">\n\t\t\t\t<div class=\"elementor-widget-container\">\n\t\t\t\t\t\t\t<!-- wp:shortcode -->\n<div class='w3eden'><!-- WPDM Link Template: Default Template -->\n\n<div class=\"link-template-default card mb-2\">\n    <div class=\"card-body\">\n        <div class=\"media\">\n            <div class=\"mr-3 img-48\"><img decoding=\"async\" class=\"wpdm_icon\" alt=\"Icon\" src=\"https:\/\/mobilitatechisinau.md\/wp-content\/plugins\/download-manager\/assets\/file-type-icons\/pdf.svg\" \/><\/div>\n            <div class=\"media-body\">\n                <h3 class=\"package-title\"><a href='https:\/\/mobilitatechisinau.md\/?wpdmpro=coridorul-buiucani_centru_botanica'>Coridorul Buiucani-Centru-Botanica<\/a><\/h3>\n                <div class=\"text-muted text-small\"><i class=\"fas fa-copy\"><\/i> 1 file(s) <i class=\"fas fa-hdd ml-3\"><\/i> 14.48 MB<\/div>\n            <\/div>\n            <div class=\"ml-3\">\n                <a class='wpdm-download-link download-on-click btn btn-primary ' rel='nofollow' href='#' data-downloadurl=\"https:\/\/mobilitatechisinau.md\/?wpdmpro=coridorul-buiucani_centru_botanica&#038;wpdmdl=7180&#038;refresh=69f61aaf684361777736367\">Download<\/a>\n            <\/div>\n        <\/div>\n    <\/div>\n<\/div>\n\n<\/div>\n<!-- \/wp:shortcode -->\n\n<!-- wp:shortcode -->\n<div class='w3eden'><!-- WPDM Link Template: Default Template -->\n\n<div class=\"link-template-default card mb-2\">\n    <div class=\"card-body\">\n        <div class=\"media\">\n            <div class=\"mr-3 img-48\"><img decoding=\"async\" class=\"wpdm_icon\" alt=\"Icon\" src=\"https:\/\/mobilitatechisinau.md\/wp-content\/plugins\/download-manager\/assets\/file-type-icons\/pdf.svg\" \/><\/div>\n            <div class=\"media-body\">\n                <h3 class=\"package-title\"><a href='https:\/\/mobilitatechisinau.md\/?wpdmpro=coridor-ciocana-telecentru'>Coridor Ciocana-Telecentru<\/a><\/h3>\n                <div class=\"text-muted text-small\"><i class=\"fas fa-copy\"><\/i> 1 file(s) <i class=\"fas fa-hdd ml-3\"><\/i> 6.86 MB<\/div>\n            <\/div>\n            <div class=\"ml-3\">\n                <a class='wpdm-download-link download-on-click btn btn-primary ' rel='nofollow' href='#' data-downloadurl=\"https:\/\/mobilitatechisinau.md\/?wpdmpro=coridor-ciocana-telecentru&#038;wpdmdl=7181&#038;refresh=69f61aaf7571e1777736367\">Download<\/a>\n            <\/div>\n        <\/div>\n    <\/div>\n<\/div>\n\n<\/div>\n<!-- \/wp:shortcode -->\t\t\t\t\t\t<\/div>\n\t\t\t\t<\/div>\n\t\t\t\t\t<\/div>\n\t\t<\/div>\n\t\t\t\t\t<\/div>\n\t\t<\/section>\n\t\t\t\t<\/div>\n\t\t","protected":false},"excerpt":{"rendered":"<p>Mai multe benzi dedicate pentru un transport public rapid \u0219i eficient \u00een Chi\u0219in\u0103u \u00cen efortul de a \u00eembun\u0103t\u0103\u021bi serviciile de transport public \u0219i de a facilita deplasarea rapid\u0103 a autob&#8230; Continue reading https:\/\/mobilitatechisinau.md\/wp-content\/uploads\/2024\/05\/benzi-dedicate.mp4 Extinderea re\u021belei de benzi dedicate transportului public: o prioritate pentru fluidizarea traficului \u00een Chi\u0219in\u0103u \u00cen cadrul emisiunii \u201eConsens Na\u021bional\u201d de la RLIVE [&hellip;]<\/p>\n","protected":false},"author":1,"featured_media":0,"parent":0,"menu_order":0,"comment_status":"closed","ping_status":"closed","template":"","meta":{"footnotes":""},"class_list":["post-7183","page","type-page","status-publish","hentry"],"yoast_head":"<!-- This site is optimized with the Yoast SEO plugin v23.9 - https:\/\/yoast.com\/wordpress\/plugins\/seo\/ -->\n<title>Benzi dedicate - mobilitatechisinau.md<\/title>\n<meta name=\"robots\" content=\"index, follow, max-snippet:-1, max-image-preview:large, max-video-preview:-1\" \/>\n<link rel=\"canonical\" href=\"https:\/\/mobilitatechisinau.md\/?page_id=7183\" \/>\n<meta property=\"og:locale\" content=\"ro_RO\" \/>\n<meta property=\"og:type\" content=\"article\" \/>\n<meta property=\"og:title\" content=\"Benzi dedicate - mobilitatechisinau.md\" \/>\n<meta property=\"og:description\" content=\"Mai multe benzi dedicate pentru un transport public rapid \u0219i eficient \u00een Chi\u0219in\u0103u \u00cen efortul de a \u00eembun\u0103t\u0103\u021bi serviciile de transport public \u0219i de a facilita deplasarea rapid\u0103 a autob&#8230; Continue reading https:\/\/mobilitatechisinau.md\/wp-content\/uploads\/2024\/05\/benzi-dedicate.mp4 Extinderea re\u021belei de benzi dedicate transportului public: o prioritate pentru fluidizarea traficului \u00een Chi\u0219in\u0103u \u00cen cadrul emisiunii \u201eConsens Na\u021bional\u201d de la RLIVE [&hellip;]\" \/>\n<meta property=\"og:url\" content=\"https:\/\/mobilitatechisinau.md\/?page_id=7183\" \/>\n<meta property=\"og:site_name\" content=\"mobilitatechisinau.md\" \/>\n<meta property=\"article:publisher\" content=\"https:\/\/www.facebook.com\/DGTPCC\" \/>\n<meta property=\"article:modified_time\" content=\"2024-10-17T12:47:39+00:00\" \/>\n<meta property=\"og:image\" content=\"https:\/\/mobilitatechisinau.md\/wp-content\/uploads\/2024\/10\/3-4-305x178.jpg\" \/>\n<meta name=\"twitter:card\" content=\"summary_large_image\" \/>\n<meta name=\"twitter:label1\" content=\"Timp estimat pentru citire\" \/>\n\t<meta name=\"twitter:data1\" content=\"2 minute\" \/>\n<script type=\"application\/ld+json\" class=\"yoast-schema-graph\">{\"@context\":\"https:\/\/schema.org\",\"@graph\":[{\"@type\":\"WebPage\",\"@id\":\"https:\/\/mobilitatechisinau.md\/?page_id=7183\",\"url\":\"https:\/\/mobilitatechisinau.md\/?page_id=7183\",\"name\":\"Benzi dedicate - mobilitatechisinau.md\",\"isPartOf\":{\"@id\":\"https:\/\/mobilitatechisinau.md\/#website\"},\"primaryImageOfPage\":{\"@id\":\"https:\/\/mobilitatechisinau.md\/?page_id=7183#primaryimage\"},\"image\":{\"@id\":\"https:\/\/mobilitatechisinau.md\/?page_id=7183#primaryimage\"},\"thumbnailUrl\":\"https:\/\/mobilitatechisinau.md\/wp-content\/uploads\/2024\/10\/3-4-305x178.jpg\",\"datePublished\":\"2022-04-20T11:43:56+00:00\",\"dateModified\":\"2024-10-17T12:47:39+00:00\",\"breadcrumb\":{\"@id\":\"https:\/\/mobilitatechisinau.md\/?page_id=7183#breadcrumb\"},\"inLanguage\":\"ro-RO\",\"potentialAction\":[{\"@type\":\"ReadAction\",\"target\":[\"https:\/\/mobilitatechisinau.md\/?page_id=7183\"]}]},{\"@type\":\"ImageObject\",\"inLanguage\":\"ro-RO\",\"@id\":\"https:\/\/mobilitatechisinau.md\/?page_id=7183#primaryimage\",\"url\":\"https:\/\/mobilitatechisinau.md\/wp-content\/uploads\/2024\/10\/3-4.jpg\",\"contentUrl\":\"https:\/\/mobilitatechisinau.md\/wp-content\/uploads\/2024\/10\/3-4.jpg\",\"width\":960,\"height\":639},{\"@type\":\"BreadcrumbList\",\"@id\":\"https:\/\/mobilitatechisinau.md\/?page_id=7183#breadcrumb\",\"itemListElement\":[{\"@type\":\"ListItem\",\"position\":1,\"name\":\"Prima pagin\u0103\",\"item\":\"https:\/\/mobilitatechisinau.md\/\"},{\"@type\":\"ListItem\",\"position\":2,\"name\":\"Benzi dedicate\"}]},{\"@type\":\"WebSite\",\"@id\":\"https:\/\/mobilitatechisinau.md\/#website\",\"url\":\"https:\/\/mobilitatechisinau.md\/\",\"name\":\"mobilitatechisinau.md\",\"description\":\"Direc\u0163ia General\u0103 Mobilitate Urban\u0103\",\"publisher\":{\"@id\":\"https:\/\/mobilitatechisinau.md\/#organization\"},\"potentialAction\":[{\"@type\":\"SearchAction\",\"target\":{\"@type\":\"EntryPoint\",\"urlTemplate\":\"https:\/\/mobilitatechisinau.md\/?s={search_term_string}\"},\"query-input\":{\"@type\":\"PropertyValueSpecification\",\"valueRequired\":true,\"valueName\":\"search_term_string\"}}],\"inLanguage\":\"ro-RO\"},{\"@type\":\"Organization\",\"@id\":\"https:\/\/mobilitatechisinau.md\/#organization\",\"name\":\"Direc\u0163ia general\u0103 transport public \u015fi c\u0103i de comunica\u0163ie\",\"url\":\"https:\/\/mobilitatechisinau.md\/\",\"logo\":{\"@type\":\"ImageObject\",\"inLanguage\":\"ro-RO\",\"@id\":\"https:\/\/mobilitatechisinau.md\/#\/schema\/logo\/image\/\",\"url\":\"https:\/\/dgtpcc.md\/wp-content\/uploads\/2022\/05\/DGTPCC-Chis\u0326ina\u0306u-new.jpg\",\"contentUrl\":\"https:\/\/dgtpcc.md\/wp-content\/uploads\/2022\/05\/DGTPCC-Chis\u0326ina\u0306u-new.jpg\",\"width\":304,\"height\":80,\"caption\":\"Direc\u0163ia general\u0103 transport public \u015fi c\u0103i de comunica\u0163ie\"},\"image\":{\"@id\":\"https:\/\/mobilitatechisinau.md\/#\/schema\/logo\/image\/\"},\"sameAs\":[\"https:\/\/www.facebook.com\/DGTPCC\"]}]}<\/script>\n<!-- \/ Yoast SEO plugin. -->","yoast_head_json":{"title":"Benzi dedicate - mobilitatechisinau.md","robots":{"index":"index","follow":"follow","max-snippet":"max-snippet:-1","max-image-preview":"max-image-preview:large","max-video-preview":"max-video-preview:-1"},"canonical":"https:\/\/mobilitatechisinau.md\/?page_id=7183","og_locale":"ro_RO","og_type":"article","og_title":"Benzi dedicate - mobilitatechisinau.md","og_description":"Mai multe benzi dedicate pentru un transport public rapid \u0219i eficient \u00een Chi\u0219in\u0103u \u00cen efortul de a \u00eembun\u0103t\u0103\u021bi serviciile de transport public \u0219i de a facilita deplasarea rapid\u0103 a autob&#8230; Continue reading https:\/\/mobilitatechisinau.md\/wp-content\/uploads\/2024\/05\/benzi-dedicate.mp4 Extinderea re\u021belei de benzi dedicate transportului public: o prioritate pentru fluidizarea traficului \u00een Chi\u0219in\u0103u \u00cen cadrul emisiunii \u201eConsens Na\u021bional\u201d de la RLIVE [&hellip;]","og_url":"https:\/\/mobilitatechisinau.md\/?page_id=7183","og_site_name":"mobilitatechisinau.md","article_publisher":"https:\/\/www.facebook.com\/DGTPCC","article_modified_time":"2024-10-17T12:47:39+00:00","og_image":[{"url":"https:\/\/mobilitatechisinau.md\/wp-content\/uploads\/2024\/10\/3-4-305x178.jpg"}],"twitter_card":"summary_large_image","twitter_misc":{"Timp estimat pentru citire":"2 minute"},"schema":{"@context":"https:\/\/schema.org","@graph":[{"@type":"WebPage","@id":"https:\/\/mobilitatechisinau.md\/?page_id=7183","url":"https:\/\/mobilitatechisinau.md\/?page_id=7183","name":"Benzi dedicate - mobilitatechisinau.md","isPartOf":{"@id":"https:\/\/mobilitatechisinau.md\/#website"},"primaryImageOfPage":{"@id":"https:\/\/mobilitatechisinau.md\/?page_id=7183#primaryimage"},"image":{"@id":"https:\/\/mobilitatechisinau.md\/?page_id=7183#primaryimage"},"thumbnailUrl":"https:\/\/mobilitatechisinau.md\/wp-content\/uploads\/2024\/10\/3-4-305x178.jpg","datePublished":"2022-04-20T11:43:56+00:00","dateModified":"2024-10-17T12:47:39+00:00","breadcrumb":{"@id":"https:\/\/mobilitatechisinau.md\/?page_id=7183#breadcrumb"},"inLanguage":"ro-RO","potentialAction":[{"@type":"ReadAction","target":["https:\/\/mobilitatechisinau.md\/?page_id=7183"]}]},{"@type":"ImageObject","inLanguage":"ro-RO","@id":"https:\/\/mobilitatechisinau.md\/?page_id=7183#primaryimage","url":"https:\/\/mobilitatechisinau.md\/wp-content\/uploads\/2024\/10\/3-4.jpg","contentUrl":"https:\/\/mobilitatechisinau.md\/wp-content\/uploads\/2024\/10\/3-4.jpg","width":960,"height":639},{"@type":"BreadcrumbList","@id":"https:\/\/mobilitatechisinau.md\/?page_id=7183#breadcrumb","itemListElement":[{"@type":"ListItem","position":1,"name":"Prima pagin\u0103","item":"https:\/\/mobilitatechisinau.md\/"},{"@type":"ListItem","position":2,"name":"Benzi dedicate"}]},{"@type":"WebSite","@id":"https:\/\/mobilitatechisinau.md\/#website","url":"https:\/\/mobilitatechisinau.md\/","name":"mobilitatechisinau.md","description":"Direc\u0163ia General\u0103 Mobilitate Urban\u0103","publisher":{"@id":"https:\/\/mobilitatechisinau.md\/#organization"},"potentialAction":[{"@type":"SearchAction","target":{"@type":"EntryPoint","urlTemplate":"https:\/\/mobilitatechisinau.md\/?s={search_term_string}"},"query-input":{"@type":"PropertyValueSpecification","valueRequired":true,"valueName":"search_term_string"}}],"inLanguage":"ro-RO"},{"@type":"Organization","@id":"https:\/\/mobilitatechisinau.md\/#organization","name":"Direc\u0163ia general\u0103 transport public \u015fi c\u0103i de comunica\u0163ie","url":"https:\/\/mobilitatechisinau.md\/","logo":{"@type":"ImageObject","inLanguage":"ro-RO","@id":"https:\/\/mobilitatechisinau.md\/#\/schema\/logo\/image\/","url":"https:\/\/dgtpcc.md\/wp-content\/uploads\/2022\/05\/DGTPCC-Chis\u0326ina\u0306u-new.jpg","contentUrl":"https:\/\/dgtpcc.md\/wp-content\/uploads\/2022\/05\/DGTPCC-Chis\u0326ina\u0306u-new.jpg","width":304,"height":80,"caption":"Direc\u0163ia general\u0103 transport public \u015fi c\u0103i de comunica\u0163ie"},"image":{"@id":"https:\/\/mobilitatechisinau.md\/#\/schema\/logo\/image\/"},"sameAs":["https:\/\/www.facebook.com\/DGTPCC"]}]}},"_links":{"self":[{"href":"https:\/\/mobilitatechisinau.md\/index.php?rest_route=\/wp\/v2\/pages\/7183","targetHints":{"allow":["GET"]}}],"collection":[{"href":"https:\/\/mobilitatechisinau.md\/index.php?rest_route=\/wp\/v2\/pages"}],"about":[{"href":"https:\/\/mobilitatechisinau.md\/index.php?rest_route=\/wp\/v2\/types\/page"}],"author":[{"embeddable":true,"href":"https:\/\/mobilitatechisinau.md\/index.php?rest_route=\/wp\/v2\/users\/1"}],"replies":[{"embeddable":true,"href":"https:\/\/mobilitatechisinau.md\/index.php?rest_route=%2Fwp%2Fv2%2Fcomments&post=7183"}],"version-history":[{"count":0,"href":"https:\/\/mobilitatechisinau.md\/index.php?rest_route=\/wp\/v2\/pages\/7183\/revisions"}],"wp:attachment":[{"href":"https:\/\/mobilitatechisinau.md\/index.php?rest_route=%2Fwp%2Fv2%2Fmedia&parent=7183"}],"curies":[{"name":"wp","href":"https:\/\/api.w.org\/{rel}","templated":true}]}}