{"id":9212,"date":"2023-05-10T14:36:10","date_gmt":"2023-05-10T12:36:10","guid":{"rendered":"https:\/\/mobilitatechisinau.md\/?page_id=9212"},"modified":"2023-05-10T14:37:21","modified_gmt":"2023-05-10T12:37:21","slug":"20-2","status":"publish","type":"page","link":"https:\/\/mobilitatechisinau.md\/?page_id=9212","title":{"rendered":"2022"},"content":{"rendered":"\t\t<div data-elementor-type=\"wp-page\" data-elementor-id=\"9212\" class=\"elementor elementor-9212\">\n\t\t\t\t\t\t<section class=\"elementor-section elementor-top-section elementor-element elementor-element-2b288fd8 elementor-section-boxed elementor-section-height-default elementor-section-height-default default-style\" data-id=\"2b288fd8\" data-element_type=\"section\" data-settings=\"{&quot;rt_color_sets&quot;:&quot;default-style&quot;}\">\n\t\t\t\t\t\t<div class=\"elementor-container elementor-column-gap-default\">\n\t\t\t\t\t<div class=\"elementor-column elementor-col-100 elementor-top-column elementor-element elementor-element-5e6727f6\" data-id=\"5e6727f6\" data-element_type=\"column\">\n\t\t\t<div class=\"elementor-widget-wrap elementor-element-populated\">\n\t\t\t\t\t\t<div class=\"elementor-element elementor-element-52e1b189 elementor-widget elementor-widget-rt-blog\" data-id=\"52e1b189\" data-element_type=\"widget\" data-widget_type=\"rt-blog.default\">\n\t\t\t\t<div class=\"elementor-widget-container\">\n\t\t\t\n<div id=\"blog-dynamicID-586594\" class=\"blog_list clearfix fixed_heights\" data-column-width=\"3\">\n<div class=\"row clearfix\">\n<article id=\"9064\" class=\"col col-sm-4 post-9064 post type-post status-publish format-standard has-post-thumbnail hentry category-exdrupo-2022 category-lucrari_intretinere\"><div class=\"post-content-wrapper boxed\">\n \n\n<!-- blog box-->\n\t\t\t\t<figure class=\"featured_image featured_media\">\n\t\t\t<a href=\"https:\/\/mobilitatechisinau.md\/?p=9064\" title=\"Repara\u021bia str\u0103zii Henri Coand\u0103\" class=\"imgeffect link featured_image\"><img fetchpriority=\"high\" decoding=\"async\" src=\"https:\/\/mobilitatechisinau.md\/wp-content\/uploads\/2023\/05\/henri-coanda-480x275.jpg\" alt=\"\" class=\"\" width=\"480\" height=\"275\" \/><\/a>\t\t\n\t\t<\/figure> \n\t\t\n\t\t\t\t\t\n\n\t<div class=\"entry-content text\">\n\n\t\t<!-- blog headline-->\n\t\t<h5 class=\"entry-title\"><a href=\"https:\/\/mobilitatechisinau.md\/?p=9064\" rel=\"bookmark\">Repara\u021bia str\u0103zii Henri Coand\u0103<\/a><\/h5> \n\n\t\t\n\t\t<p>\u00cen anul 2022, strada Henri Coand\u0103 a fost supus\u0103 lucr\u0103rilor de repara\u021bie curent\u0103 a carosabilului. Au...<\/p>\t<\/div> \n\n\t<div class=\"entry-footer\">\n\n\t\t<a href=\"https:\/\/mobilitatechisinau.md\/?p=9064\" class=\"read_more\">Continue reading<\/a>\n\t<\/div>\n\n<!-- \/ blog box-->\n<\/div><\/article>\n<article id=\"9058\" class=\"col col-sm-4 post-9058 post type-post status-publish format-standard has-post-thumbnail hentry category-exdrupo-2022 category-lucrari_intretinere\"><div class=\"post-content-wrapper boxed\">\n \n\n<!-- blog box-->\n\t\t\t\t<figure class=\"featured_image featured_media\">\n\t\t\t<a href=\"https:\/\/mobilitatechisinau.md\/?p=9058\" title=\"Reabilitarea str\u0103zii Calea Ie\u0219ilor\" class=\"imgeffect link featured_image\"><img decoding=\"async\" src=\"https:\/\/mobilitatechisinau.md\/wp-content\/uploads\/2023\/05\/calea-iesilor-480x275.jpg\" alt=\"\" class=\"\" width=\"480\" height=\"275\" \/><\/a>\t\t\n\t\t<\/figure> \n\t\t\n\t\t\t\t\t\n\n\t<div class=\"entry-content text\">\n\n\t\t<!-- blog headline-->\n\t\t<h5 class=\"entry-title\"><a href=\"https:\/\/mobilitatechisinau.md\/?p=9058\" rel=\"bookmark\">Reabilitarea str\u0103zii Calea Ie\u0219ilor<\/a><\/h5> \n\n\t\t\n\t\t<p>\u00cen ultimii doi ani, strada Calea Ie\u0219ilor a fost supus\u0103 lucr\u0103ri masive de reabilitare a carosabilului...<\/p>\t<\/div> \n\n\t<div class=\"entry-footer\">\n\n\t\t<a href=\"https:\/\/mobilitatechisinau.md\/?p=9058\" class=\"read_more\">Continue reading<\/a>\n\t<\/div>\n\n<!-- \/ blog box-->\n<\/div><\/article>\n<article id=\"9055\" class=\"col col-sm-4 post-9055 post type-post status-publish format-standard has-post-thumbnail hentry category-exdrupo-2022 category-lucrari_intretinere\"><div class=\"post-content-wrapper boxed\">\n \n\n<!-- blog box-->\n\t\t\t\t<figure class=\"featured_image featured_media\">\n\t\t\t<a href=\"https:\/\/mobilitatechisinau.md\/?p=9055\" title=\"Repara\u021bia str\u0103zii Socoleni\" class=\"imgeffect link featured_image\"><img decoding=\"async\" src=\"https:\/\/mobilitatechisinau.md\/wp-content\/uploads\/2023\/05\/socoleni-480x275.jpg\" alt=\"\" class=\"\" width=\"480\" height=\"275\" \/><\/a>\t\t\n\t\t<\/figure> \n\t\t\n\t\t\t\t\t\n\n\t<div class=\"entry-content text\">\n\n\t\t<!-- blog headline-->\n\t\t<h5 class=\"entry-title\"><a href=\"https:\/\/mobilitatechisinau.md\/?p=9055\" rel=\"bookmark\">Repara\u021bia str\u0103zii Socoleni<\/a><\/h5> \n\n\t\t\n\t\t<p>Pe str. Socoleni, tronsonul cuprins \u00eentre str\u0103zile Ceucari \u0219i Calea Orheiului, a fost reabilitat int...<\/p>\t<\/div> \n\n\t<div class=\"entry-footer\">\n\n\t\t<a href=\"https:\/\/mobilitatechisinau.md\/?p=9055\" class=\"read_more\">Continue reading<\/a>\n\t<\/div>\n\n<!-- \/ blog box-->\n<\/div><\/article>\n<\/div>\n<div class=\"row clearfix\">\n<article id=\"9052\" class=\"col col-sm-4 post-9052 post type-post status-publish format-standard has-post-thumbnail hentry category-exdrupo-2022 category-lucrari_intretinere\"><div class=\"post-content-wrapper boxed\">\n \n\n<!-- blog box-->\n\t\t\t\t<figure class=\"featured_image featured_media\">\n\t\t\t<a href=\"https:\/\/mobilitatechisinau.md\/?p=9052\" title=\"Pe str. Sarmizegetusa s-au reparat trotuarele \u0219i carosabilul\" class=\"imgeffect link featured_image\"><img loading=\"lazy\" decoding=\"async\" src=\"https:\/\/mobilitatechisinau.md\/wp-content\/uploads\/2023\/04\/sarmisegetuza-480x275.jpg\" alt=\"\" class=\"\" width=\"480\" height=\"275\" \/><\/a>\t\t\n\t\t<\/figure> \n\t\t\n\t\t\t\t\t\n\n\t<div class=\"entry-content text\">\n\n\t\t<!-- blog headline-->\n\t\t<h5 class=\"entry-title\"><a href=\"https:\/\/mobilitatechisinau.md\/?p=9052\" rel=\"bookmark\">Pe str. Sarmizegetusa s-au reparat trotuarele \u0219i carosabilul<\/a><\/h5> \n\n\t\t\n\t\t<p>\u00cenc\u0103 o strad\u0103 din sectorul Botanica a fost reparat\u0103 \u00een anul 2022. Este vorba despre str. Sarmizegetu...<\/p>\t<\/div> \n\n\t<div class=\"entry-footer\">\n\n\t\t<a href=\"https:\/\/mobilitatechisinau.md\/?p=9052\" class=\"read_more\">Continue reading<\/a>\n\t<\/div>\n\n<!-- \/ blog box-->\n<\/div><\/article>\n<article id=\"9048\" class=\"col col-sm-4 post-9048 post type-post status-publish format-standard has-post-thumbnail hentry category-exdrupo-2022 category-lucrari_intretinere\"><div class=\"post-content-wrapper boxed\">\n \n\n<!-- blog box-->\n\t\t\t\t<figure class=\"featured_image featured_media\">\n\t\t\t<a href=\"https:\/\/mobilitatechisinau.md\/?p=9048\" title=\"O nou\u0103 tehnologie aplicat\u0103 \u00een repara\u021bia drumurilor capitalei\" class=\"imgeffect link featured_image\"><img loading=\"lazy\" decoding=\"async\" src=\"https:\/\/mobilitatechisinau.md\/wp-content\/uploads\/2023\/05\/slury-480x275.jpg\" alt=\"\" class=\"\" width=\"480\" height=\"275\" \/><\/a>\t\t\n\t\t<\/figure> \n\t\t\n\t\t\t\t\t\n\n\t<div class=\"entry-content text\">\n\n\t\t<!-- blog headline-->\n\t\t<h5 class=\"entry-title\"><a href=\"https:\/\/mobilitatechisinau.md\/?p=9048\" rel=\"bookmark\">O nou\u0103 tehnologie aplicat\u0103 \u00een repara\u021bia drumurilor capitalei<\/a><\/h5> \n\n\t\t\n\t\t<p>Mai multe str\u0103zi din capital\u0103 vor fi supuse unei noi tehnologii de \u00eentre\u021binere, dup\u0103 ce municipalita...<\/p>\t<\/div> \n\n\t<div class=\"entry-footer\">\n\n\t\t<a href=\"https:\/\/mobilitatechisinau.md\/?p=9048\" class=\"read_more\">Continue reading<\/a>\n\t<\/div>\n\n<!-- \/ blog box-->\n<\/div><\/article>\n<article id=\"9042\" class=\"col col-sm-4 post-9042 post type-post status-publish format-standard has-post-thumbnail hentry category-exdrupo-2022 category-lucrari_intretinere\"><div class=\"post-content-wrapper boxed\">\n \n\n<!-- blog box-->\n\t\t\t\t<figure class=\"featured_image featured_media\">\n\t\t\t<a href=\"https:\/\/mobilitatechisinau.md\/?p=9042\" title=\"Reabilitarea bulevardului Dacia\" class=\"imgeffect link featured_image\"><img loading=\"lazy\" decoding=\"async\" src=\"https:\/\/mobilitatechisinau.md\/wp-content\/uploads\/2023\/05\/Dacia-480x275.jpg\" alt=\"\" class=\"\" width=\"480\" height=\"275\" \/><\/a>\t\t\n\t\t<\/figure> \n\t\t\n\t\t\t\t\t\n\n\t<div class=\"entry-content text\">\n\n\t\t<!-- blog headline-->\n\t\t<h5 class=\"entry-title\"><a href=\"https:\/\/mobilitatechisinau.md\/?p=9042\" rel=\"bookmark\">Reabilitarea bulevardului Dacia<\/a><\/h5> \n\n\t\t\n\t\t<p>Bd. Dacia din sectorul Botanica \u00ee\u0219i schimb\u0103 \u00eenf\u0103\u021bi\u0219area. Fiind o arter\u0103 extrem de important\u0103 \u0219i soli...<\/p>\t<\/div> \n\n\t<div class=\"entry-footer\">\n\n\t\t<a href=\"https:\/\/mobilitatechisinau.md\/?p=9042\" class=\"read_more\">Continue reading<\/a>\n\t<\/div>\n\n<!-- \/ blog box-->\n<\/div><\/article>\n<\/div>\n<div class=\"row clearfix\">\n<article id=\"7921\" class=\"col col-sm-4 post-7921 post type-post status-publish format-standard has-post-thumbnail hentry category-comunicate category-exdrupo-2022 category-lucrari_intretinere\"><div class=\"post-content-wrapper boxed\">\n \n\n<!-- blog box-->\n\t\t\t\t<figure class=\"featured_image featured_media\">\n\t\t\t<a href=\"https:\/\/mobilitatechisinau.md\/?p=7921\" title=\"Strada 27 Martie 1918 din sectorul Buiucani a fost reparat\u0103\" class=\"imgeffect link featured_image\"><img loading=\"lazy\" decoding=\"async\" src=\"https:\/\/mobilitatechisinau.md\/wp-content\/uploads\/2022\/08\/strada-27-martie-480x275.jpg\" alt=\"\" class=\"\" width=\"480\" height=\"275\" \/><\/a>\t\t\n\t\t<\/figure> \n\t\t\n\t\t\t\t\t\n\n\t<div class=\"entry-content text\">\n\n\t\t<!-- blog headline-->\n\t\t<h5 class=\"entry-title\"><a href=\"https:\/\/mobilitatechisinau.md\/?p=7921\" rel=\"bookmark\">Strada 27 Martie 1918 din sectorul Buiucani a fost reparat\u0103<\/a><\/h5> \n\n\t\t\n\t\t<p>Fiind o arter\u0103 care face leg\u0103tura cu strada Calea Ie\u0219ilor, magistral\u0103 important\u0103 din sectorul Buiuca...<\/p>\t<\/div> \n\n\t<div class=\"entry-footer\">\n\n\t\t<a href=\"https:\/\/mobilitatechisinau.md\/?p=7921\" class=\"read_more\">Continue reading<\/a>\n\t<\/div>\n\n<!-- \/ blog box-->\n<\/div><\/article>\n<article id=\"7937\" class=\"col col-sm-4 post-7937 post type-post status-publish format-standard has-post-thumbnail hentry category-comunicate category-exdrupo-2022 category-lucrari_intretinere\"><div class=\"post-content-wrapper boxed\">\n \n\n<!-- blog box-->\n\t\t\t\t<figure class=\"featured_image featured_media\">\n\t\t\t<a href=\"https:\/\/mobilitatechisinau.md\/?p=7937\" title=\"Repara\u021bia curent\u0103 a carosabilului a bd. Rena\u0219terii Na\u021bionale\" class=\"imgeffect link featured_image\"><img loading=\"lazy\" decoding=\"async\" src=\"https:\/\/mobilitatechisinau.md\/wp-content\/uploads\/2022\/08\/renasterii-480x275.jpg\" alt=\"\" class=\"\" width=\"480\" height=\"275\" \/><\/a>\t\t\n\t\t<\/figure> \n\t\t\n\t\t\t\t\t\n\n\t<div class=\"entry-content text\">\n\n\t\t<!-- blog headline-->\n\t\t<h5 class=\"entry-title\"><a href=\"https:\/\/mobilitatechisinau.md\/?p=7937\" rel=\"bookmark\">Repara\u021bia curent\u0103 a carosabilului a bd. Rena\u0219terii Na\u021bionale<\/a><\/h5> \n\n\t\t\n\t\t<p>Carosabilul de pe bd. Rena\u0219terii Na\u021bionale a fost reabilitat integral. Lucr\u0103rile s-au f\u0103cut pe o lun...<\/p>\t<\/div> \n\n\t<div class=\"entry-footer\">\n\n\t\t<a href=\"https:\/\/mobilitatechisinau.md\/?p=7937\" class=\"read_more\">Continue reading<\/a>\n\t<\/div>\n\n<!-- \/ blog box-->\n<\/div><\/article>\n<article id=\"7326\" class=\"col col-sm-4 post-7326 post type-post status-publish format-gallery has-post-thumbnail hentry category-comunicate category-exdrupo-2022 category-galerie-foto category-lucrari_intretinere category-slide post_format-post-format-gallery\"><div class=\"post-content-wrapper boxed\">\n \n\n\n\n<!-- blog box-->\n\n\t\t<figure class=\"featured_image featured_media\">\n\t\t<a href=\"https:\/\/mobilitatechisinau.md\/?p=7326\" title=\"O nou\u0103 band\u0103 de circula\u021bie \u00een intersec\u021bia str\u0103zilor Calea Orheiului \u0219i Studen\u021bilor\" class=\"imgeffect gallery\"><img loading=\"lazy\" decoding=\"async\" src=\"https:\/\/mobilitatechisinau.md\/wp-content\/uploads\/2022\/05\/banda-480x275.jpg\" alt=\"\" class=\"\" width=\"480\" height=\"275\" \/><\/a>\t\t\n\t<\/figure> \n\t\n\t \n\n\t\t\t\t\t\n\n\t<div class=\"entry-content text\">\n\n\t\t<!-- blog headline-->\n\t\t<h5 class=\"entry-title\"><a href=\"https:\/\/mobilitatechisinau.md\/?p=7326\" rel=\"bookmark\">O nou\u0103 band\u0103 de circula\u021bie \u00een intersec\u021bia str\u0103zilor Calea Orheiului \u0219i Studen\u021bilor<\/a><\/h5> \n\n\t\t\n\t\t<p>Lucr\u0103ri finalizate la banda suplimentar\u0103 de virare din intersec\u021bia str\u0103zilor Calea Orheiului \u0219i Stud...<\/p>\t<\/div> \n\n\t<div class=\"entry-footer\">\n\n\t\t<a href=\"https:\/\/mobilitatechisinau.md\/?p=7326\" class=\"read_more\">Continue reading<\/a>\n\t<\/div>\n\n<!-- \/ blog box--><\/div><\/article>\n<\/div>\n<div class=\"row clearfix\">\n<article id=\"9135\" class=\"col col-sm-4 post-9135 post type-post status-publish format-standard has-post-thumbnail hentry category-exdrupo-2022 category-lucrari_intretinere\"><div class=\"post-content-wrapper boxed\">\n \n\n<!-- blog box-->\n\t\t\t\t<figure class=\"featured_image featured_media\">\n\t\t\t<a href=\"https:\/\/mobilitatechisinau.md\/?p=9135\" title=\"Repara\u021bia str\u0103zii Cern\u0103u\u021bi \u2013 accesul spre sta\u021bia de pompieri\" class=\"imgeffect link featured_image\"><img loading=\"lazy\" decoding=\"async\" src=\"https:\/\/mobilitatechisinau.md\/wp-content\/uploads\/2023\/05\/cernauti-480x275.jpg\" alt=\"\" class=\"\" width=\"480\" height=\"275\" \/><\/a>\t\t\n\t\t<\/figure> \n\t\t\n\t\t\t\t\t\n\n\t<div class=\"entry-content text\">\n\n\t\t<!-- blog headline-->\n\t\t<h5 class=\"entry-title\"><a href=\"https:\/\/mobilitatechisinau.md\/?p=9135\" rel=\"bookmark\">Repara\u021bia str\u0103zii Cern\u0103u\u021bi \u2013 accesul spre sta\u021bia de pompieri<\/a><\/h5> \n\n\t\t\n\t\t<p>Pe str. Cern\u0103u\u021bi, accesul spre sta\u021bia de pompieri, a fost reabilitat integral carosabilul. Lucr\u0103rile...<\/p>\t<\/div> \n\n\t<div class=\"entry-footer\">\n\n\t\t<a href=\"https:\/\/mobilitatechisinau.md\/?p=9135\" class=\"read_more\">Continue reading<\/a>\n\t<\/div>\n\n<!-- \/ blog box-->\n<\/div><\/article>\n<\/div>\n<\/div>\n\t\t<\/div>\n\t\t\t\t<\/div>\n\t\t\t\t\t<\/div>\n\t\t<\/div>\n\t\t\t\t\t<\/div>\n\t\t<\/section>\n\t\t\t\t<\/div>\n\t\t","protected":false},"excerpt":{"rendered":"<p>Repara\u021bia str\u0103zii Henri Coand\u0103 \u00cen anul 2022, strada Henri Coand\u0103 a fost supus\u0103 lucr\u0103rilor de repara\u021bie curent\u0103 a carosabilului. Au&#8230; Continue reading Reabilitarea str\u0103zii Calea Ie\u0219ilor \u00cen ultimii doi ani, strada Calea Ie\u0219ilor a fost supus\u0103 lucr\u0103ri masive de reabilitare a carosabilului&#8230; Continue reading Repara\u021bia str\u0103zii Socoleni Pe str. Socoleni, tronsonul cuprins \u00eentre str\u0103zile Ceucari [&hellip;]<\/p>\n","protected":false},"author":1,"featured_media":0,"parent":7850,"menu_order":0,"comment_status":"closed","ping_status":"closed","template":"","meta":{"footnotes":""},"class_list":["post-9212","page","type-page","status-publish","hentry"],"yoast_head":"<!-- This site is optimized with the Yoast SEO plugin v23.9 - https:\/\/yoast.com\/wordpress\/plugins\/seo\/ -->\n<title>2022 - mobilitatechisinau.md<\/title>\n<meta name=\"robots\" content=\"index, follow, max-snippet:-1, max-image-preview:large, max-video-preview:-1\" \/>\n<link rel=\"canonical\" href=\"https:\/\/mobilitatechisinau.md\/?page_id=9212\" \/>\n<meta property=\"og:locale\" content=\"ro_RO\" \/>\n<meta property=\"og:type\" content=\"article\" \/>\n<meta property=\"og:title\" content=\"2022 - mobilitatechisinau.md\" \/>\n<meta property=\"og:description\" content=\"Repara\u021bia str\u0103zii Henri Coand\u0103 \u00cen anul 2022, strada Henri Coand\u0103 a fost supus\u0103 lucr\u0103rilor de repara\u021bie curent\u0103 a carosabilului. Au&#8230; Continue reading Reabilitarea str\u0103zii Calea Ie\u0219ilor \u00cen ultimii doi ani, strada Calea Ie\u0219ilor a fost supus\u0103 lucr\u0103ri masive de reabilitare a carosabilului&#8230; Continue reading Repara\u021bia str\u0103zii Socoleni Pe str. Socoleni, tronsonul cuprins \u00eentre str\u0103zile Ceucari [&hellip;]\" \/>\n<meta property=\"og:url\" content=\"https:\/\/mobilitatechisinau.md\/?page_id=9212\" \/>\n<meta property=\"og:site_name\" content=\"mobilitatechisinau.md\" \/>\n<meta property=\"article:publisher\" content=\"https:\/\/www.facebook.com\/DGTPCC\" \/>\n<meta property=\"article:modified_time\" content=\"2023-05-10T12:37:21+00:00\" \/>\n<meta property=\"og:image\" content=\"https:\/\/mobilitatechisinau.md\/wp-content\/uploads\/2023\/05\/henri-coanda-480x275.jpg\" \/>\n<meta name=\"twitter:card\" content=\"summary_large_image\" \/>\n<meta name=\"twitter:label1\" content=\"Timp estimat pentru citire\" \/>\n\t<meta name=\"twitter:data1\" content=\"4 minute\" \/>\n<script type=\"application\/ld+json\" class=\"yoast-schema-graph\">{\"@context\":\"https:\/\/schema.org\",\"@graph\":[{\"@type\":\"WebPage\",\"@id\":\"https:\/\/mobilitatechisinau.md\/?page_id=9212\",\"url\":\"https:\/\/mobilitatechisinau.md\/?page_id=9212\",\"name\":\"2022 - mobilitatechisinau.md\",\"isPartOf\":{\"@id\":\"https:\/\/mobilitatechisinau.md\/#website\"},\"primaryImageOfPage\":{\"@id\":\"https:\/\/mobilitatechisinau.md\/?page_id=9212#primaryimage\"},\"image\":{\"@id\":\"https:\/\/mobilitatechisinau.md\/?page_id=9212#primaryimage\"},\"thumbnailUrl\":\"https:\/\/mobilitatechisinau.md\/wp-content\/uploads\/2023\/05\/henri-coanda-480x275.jpg\",\"datePublished\":\"2023-05-10T12:36:10+00:00\",\"dateModified\":\"2023-05-10T12:37:21+00:00\",\"breadcrumb\":{\"@id\":\"https:\/\/mobilitatechisinau.md\/?page_id=9212#breadcrumb\"},\"inLanguage\":\"ro-RO\",\"potentialAction\":[{\"@type\":\"ReadAction\",\"target\":[\"https:\/\/mobilitatechisinau.md\/?page_id=9212\"]}]},{\"@type\":\"ImageObject\",\"inLanguage\":\"ro-RO\",\"@id\":\"https:\/\/mobilitatechisinau.md\/?page_id=9212#primaryimage\",\"url\":\"https:\/\/mobilitatechisinau.md\/wp-content\/uploads\/2023\/05\/henri-coanda.jpg\",\"contentUrl\":\"https:\/\/mobilitatechisinau.md\/wp-content\/uploads\/2023\/05\/henri-coanda.jpg\",\"width\":1220,\"height\":700},{\"@type\":\"BreadcrumbList\",\"@id\":\"https:\/\/mobilitatechisinau.md\/?page_id=9212#breadcrumb\",\"itemListElement\":[{\"@type\":\"ListItem\",\"position\":1,\"name\":\"Prima pagin\u0103\",\"item\":\"https:\/\/mobilitatechisinau.md\/\"},{\"@type\":\"ListItem\",\"position\":2,\"name\":\"Lucr\u0103ri de \u00eentre\u021binere (Exdrupo)\",\"item\":\"https:\/\/mobilitatechisinau.md\/?page_id=7850\"},{\"@type\":\"ListItem\",\"position\":3,\"name\":\"2022\"}]},{\"@type\":\"WebSite\",\"@id\":\"https:\/\/mobilitatechisinau.md\/#website\",\"url\":\"https:\/\/mobilitatechisinau.md\/\",\"name\":\"mobilitatechisinau.md\",\"description\":\"Direc\u0163ia General\u0103 Mobilitate Urban\u0103\",\"publisher\":{\"@id\":\"https:\/\/mobilitatechisinau.md\/#organization\"},\"potentialAction\":[{\"@type\":\"SearchAction\",\"target\":{\"@type\":\"EntryPoint\",\"urlTemplate\":\"https:\/\/mobilitatechisinau.md\/?s={search_term_string}\"},\"query-input\":{\"@type\":\"PropertyValueSpecification\",\"valueRequired\":true,\"valueName\":\"search_term_string\"}}],\"inLanguage\":\"ro-RO\"},{\"@type\":\"Organization\",\"@id\":\"https:\/\/mobilitatechisinau.md\/#organization\",\"name\":\"Direc\u0163ia general\u0103 transport public \u015fi c\u0103i de comunica\u0163ie\",\"url\":\"https:\/\/mobilitatechisinau.md\/\",\"logo\":{\"@type\":\"ImageObject\",\"inLanguage\":\"ro-RO\",\"@id\":\"https:\/\/mobilitatechisinau.md\/#\/schema\/logo\/image\/\",\"url\":\"https:\/\/dgtpcc.md\/wp-content\/uploads\/2022\/05\/DGTPCC-Chis\u0326ina\u0306u-new.jpg\",\"contentUrl\":\"https:\/\/dgtpcc.md\/wp-content\/uploads\/2022\/05\/DGTPCC-Chis\u0326ina\u0306u-new.jpg\",\"width\":304,\"height\":80,\"caption\":\"Direc\u0163ia general\u0103 transport public \u015fi c\u0103i de comunica\u0163ie\"},\"image\":{\"@id\":\"https:\/\/mobilitatechisinau.md\/#\/schema\/logo\/image\/\"},\"sameAs\":[\"https:\/\/www.facebook.com\/DGTPCC\"]}]}<\/script>\n<!-- \/ Yoast SEO plugin. -->","yoast_head_json":{"title":"2022 - mobilitatechisinau.md","robots":{"index":"index","follow":"follow","max-snippet":"max-snippet:-1","max-image-preview":"max-image-preview:large","max-video-preview":"max-video-preview:-1"},"canonical":"https:\/\/mobilitatechisinau.md\/?page_id=9212","og_locale":"ro_RO","og_type":"article","og_title":"2022 - mobilitatechisinau.md","og_description":"Repara\u021bia str\u0103zii Henri Coand\u0103 \u00cen anul 2022, strada Henri Coand\u0103 a fost supus\u0103 lucr\u0103rilor de repara\u021bie curent\u0103 a carosabilului. Au&#8230; Continue reading Reabilitarea str\u0103zii Calea Ie\u0219ilor \u00cen ultimii doi ani, strada Calea Ie\u0219ilor a fost supus\u0103 lucr\u0103ri masive de reabilitare a carosabilului&#8230; Continue reading Repara\u021bia str\u0103zii Socoleni Pe str. Socoleni, tronsonul cuprins \u00eentre str\u0103zile Ceucari [&hellip;]","og_url":"https:\/\/mobilitatechisinau.md\/?page_id=9212","og_site_name":"mobilitatechisinau.md","article_publisher":"https:\/\/www.facebook.com\/DGTPCC","article_modified_time":"2023-05-10T12:37:21+00:00","og_image":[{"url":"https:\/\/mobilitatechisinau.md\/wp-content\/uploads\/2023\/05\/henri-coanda-480x275.jpg"}],"twitter_card":"summary_large_image","twitter_misc":{"Timp estimat pentru citire":"4 minute"},"schema":{"@context":"https:\/\/schema.org","@graph":[{"@type":"WebPage","@id":"https:\/\/mobilitatechisinau.md\/?page_id=9212","url":"https:\/\/mobilitatechisinau.md\/?page_id=9212","name":"2022 - mobilitatechisinau.md","isPartOf":{"@id":"https:\/\/mobilitatechisinau.md\/#website"},"primaryImageOfPage":{"@id":"https:\/\/mobilitatechisinau.md\/?page_id=9212#primaryimage"},"image":{"@id":"https:\/\/mobilitatechisinau.md\/?page_id=9212#primaryimage"},"thumbnailUrl":"https:\/\/mobilitatechisinau.md\/wp-content\/uploads\/2023\/05\/henri-coanda-480x275.jpg","datePublished":"2023-05-10T12:36:10+00:00","dateModified":"2023-05-10T12:37:21+00:00","breadcrumb":{"@id":"https:\/\/mobilitatechisinau.md\/?page_id=9212#breadcrumb"},"inLanguage":"ro-RO","potentialAction":[{"@type":"ReadAction","target":["https:\/\/mobilitatechisinau.md\/?page_id=9212"]}]},{"@type":"ImageObject","inLanguage":"ro-RO","@id":"https:\/\/mobilitatechisinau.md\/?page_id=9212#primaryimage","url":"https:\/\/mobilitatechisinau.md\/wp-content\/uploads\/2023\/05\/henri-coanda.jpg","contentUrl":"https:\/\/mobilitatechisinau.md\/wp-content\/uploads\/2023\/05\/henri-coanda.jpg","width":1220,"height":700},{"@type":"BreadcrumbList","@id":"https:\/\/mobilitatechisinau.md\/?page_id=9212#breadcrumb","itemListElement":[{"@type":"ListItem","position":1,"name":"Prima pagin\u0103","item":"https:\/\/mobilitatechisinau.md\/"},{"@type":"ListItem","position":2,"name":"Lucr\u0103ri de \u00eentre\u021binere (Exdrupo)","item":"https:\/\/mobilitatechisinau.md\/?page_id=7850"},{"@type":"ListItem","position":3,"name":"2022"}]},{"@type":"WebSite","@id":"https:\/\/mobilitatechisinau.md\/#website","url":"https:\/\/mobilitatechisinau.md\/","name":"mobilitatechisinau.md","description":"Direc\u0163ia General\u0103 Mobilitate Urban\u0103","publisher":{"@id":"https:\/\/mobilitatechisinau.md\/#organization"},"potentialAction":[{"@type":"SearchAction","target":{"@type":"EntryPoint","urlTemplate":"https:\/\/mobilitatechisinau.md\/?s={search_term_string}"},"query-input":{"@type":"PropertyValueSpecification","valueRequired":true,"valueName":"search_term_string"}}],"inLanguage":"ro-RO"},{"@type":"Organization","@id":"https:\/\/mobilitatechisinau.md\/#organization","name":"Direc\u0163ia general\u0103 transport public \u015fi c\u0103i de comunica\u0163ie","url":"https:\/\/mobilitatechisinau.md\/","logo":{"@type":"ImageObject","inLanguage":"ro-RO","@id":"https:\/\/mobilitatechisinau.md\/#\/schema\/logo\/image\/","url":"https:\/\/dgtpcc.md\/wp-content\/uploads\/2022\/05\/DGTPCC-Chis\u0326ina\u0306u-new.jpg","contentUrl":"https:\/\/dgtpcc.md\/wp-content\/uploads\/2022\/05\/DGTPCC-Chis\u0326ina\u0306u-new.jpg","width":304,"height":80,"caption":"Direc\u0163ia general\u0103 transport public \u015fi c\u0103i de comunica\u0163ie"},"image":{"@id":"https:\/\/mobilitatechisinau.md\/#\/schema\/logo\/image\/"},"sameAs":["https:\/\/www.facebook.com\/DGTPCC"]}]}},"_links":{"self":[{"href":"https:\/\/mobilitatechisinau.md\/index.php?rest_route=\/wp\/v2\/pages\/9212","targetHints":{"allow":["GET"]}}],"collection":[{"href":"https:\/\/mobilitatechisinau.md\/index.php?rest_route=\/wp\/v2\/pages"}],"about":[{"href":"https:\/\/mobilitatechisinau.md\/index.php?rest_route=\/wp\/v2\/types\/page"}],"author":[{"embeddable":true,"href":"https:\/\/mobilitatechisinau.md\/index.php?rest_route=\/wp\/v2\/users\/1"}],"replies":[{"embeddable":true,"href":"https:\/\/mobilitatechisinau.md\/index.php?rest_route=%2Fwp%2Fv2%2Fcomments&post=9212"}],"version-history":[{"count":0,"href":"https:\/\/mobilitatechisinau.md\/index.php?rest_route=\/wp\/v2\/pages\/9212\/revisions"}],"up":[{"embeddable":true,"href":"https:\/\/mobilitatechisinau.md\/index.php?rest_route=\/wp\/v2\/pages\/7850"}],"wp:attachment":[{"href":"https:\/\/mobilitatechisinau.md\/index.php?rest_route=%2Fwp%2Fv2%2Fmedia&parent=9212"}],"curies":[{"name":"wp","href":"https:\/\/api.w.org\/{rel}","templated":true}]}}